{"id":7739,"date":"2022-01-06T14:41:53","date_gmt":"2022-01-06T14:41:53","guid":{"rendered":"https:\/\/marinaparquedasnacoes.pt\/?page_id=7739"},"modified":"2022-01-06T14:41:53","modified_gmt":"2022-01-06T14:41:53","slug":"galp-fuel-station","status":"publish","type":"page","link":"https:\/\/marinaparquedasnacoes.pt\/en\/galp-fuel-station\/","title":{"rendered":"Galp Fuel Station"},"content":{"rendered":"<p><img fetchpriority=\"high\" decoding=\"async\" class=\"alignnone wp-image-7736 size-full-page-width\" src=\"https:\/\/marinaparquedasnacoes.pt\/wp-content\/uploads\/2022\/01\/Posto-de-abastecimento_DSC07513-960x408.jpg\" alt=\"Galp Fuel Station\" width=\"960\" height=\"408\" srcset=\"https:\/\/marinaparquedasnacoes.pt\/wp-content\/uploads\/2022\/01\/Posto-de-abastecimento_DSC07513-960x408.jpg 960w, https:\/\/marinaparquedasnacoes.pt\/wp-content\/uploads\/2022\/01\/Posto-de-abastecimento_DSC07513-300x128.jpg 300w, https:\/\/marinaparquedasnacoes.pt\/wp-content\/uploads\/2022\/01\/Posto-de-abastecimento_DSC07513-1024x435.jpg 1024w, https:\/\/marinaparquedasnacoes.pt\/wp-content\/uploads\/2022\/01\/Posto-de-abastecimento_DSC07513-768x326.jpg 768w, https:\/\/marinaparquedasnacoes.pt\/wp-content\/uploads\/2022\/01\/Posto-de-abastecimento_DSC07513-1536x653.jpg 1536w, https:\/\/marinaparquedasnacoes.pt\/wp-content\/uploads\/2022\/01\/Posto-de-abastecimento_DSC07513-150x64.jpg 150w, https:\/\/marinaparquedasnacoes.pt\/wp-content\/uploads\/2022\/01\/Posto-de-abastecimento_DSC07513-60x26.jpg 60w, https:\/\/marinaparquedasnacoes.pt\/wp-content\/uploads\/2022\/01\/Posto-de-abastecimento_DSC07513-600x255.jpg 600w, https:\/\/marinaparquedasnacoes.pt\/wp-content\/uploads\/2022\/01\/Posto-de-abastecimento_DSC07513.jpg 1600w\" sizes=\"(max-width: 960px) 100vw, 960px\" \/><\/p>\n<p>Marina Parque das Na\u00e7\u00f5es has a new Galp fuel station for boats, equipped with Gasoline 95 Evologic and Diesel Evologic.<br \/>\nThis service station adds to the services that Marina Parque das Na\u00e7\u00f5es has to offer. It is now possible to fuel your boat with quality products for which Galp is known.<\/p>\n<p>Leader in fuel distribution in Portugal, Galp Energia is present throughout the entire process, and the result is safer and superior quality fuels.<\/p>\n<p>Galp invests in quality &#8211; Evologic diesel and gasoline are supplemented with components that ensure greater performance and better protection for your engine. Promoting lower consumption, less polluting emissions and consequently protecting the environment.<\/p>\n<p>Open 9h30 to 18h00.<\/p>\n<p>Boats with a draft over 50cm should consider the tides, opting for fueling near high tide.<\/p>\n","protected":false},"excerpt":{"rendered":"<p>Marina Parque das Na\u00e7\u00f5es has a new Galp fuel station for boats, equipped with Gasoline 95 Evologic and Diesel Evologic. This service station adds to the services that Marina Parque das Na\u00e7\u00f5es has to offer. It is now possible to fuel your boat with quality products for which Galp is known. Leader in fuel distribution [&hellip;]<\/p>\n","protected":false},"author":3,"featured_media":0,"parent":0,"menu_order":3,"comment_status":"closed","ping_status":"closed","template":"","meta":{"_acf_changed":false,"footnotes":""},"class_list":["post-7739","page","type-page","status-publish","hentry"],"acf":[],"yoast_head":"<!-- This site is optimized with the Yoast SEO plugin v24.8.1 - https:\/\/yoast.com\/wordpress\/plugins\/seo\/ -->\n<title>Galp Fuel Station - Marina Parque das Na\u00e7\u00f5es<\/title>\n<meta name=\"robots\" content=\"index, follow, max-snippet:-1, max-image-preview:large, max-video-preview:-1\" \/>\n<link rel=\"canonical\" href=\"https:\/\/marinaparquedasnacoes.pt\/en\/galp-fuel-station\/\" \/>\n<meta property=\"og:locale\" content=\"en_US\" \/>\n<meta property=\"og:type\" content=\"article\" \/>\n<meta property=\"og:title\" content=\"Galp Fuel Station - Marina Parque das Na\u00e7\u00f5es\" \/>\n<meta property=\"og:description\" content=\"Marina Parque das Na\u00e7\u00f5es has a new Galp fuel station for boats, equipped with Gasoline 95 Evologic and Diesel Evologic. This service station adds to the services that Marina Parque das Na\u00e7\u00f5es has to offer. It is now possible to fuel your boat with quality products for which Galp is known. Leader in fuel distribution [&hellip;]\" \/>\n<meta property=\"og:url\" content=\"https:\/\/marinaparquedasnacoes.pt\/en\/galp-fuel-station\/\" \/>\n<meta property=\"og:site_name\" content=\"Marina Parque das Na\u00e7\u00f5es\" \/>\n<meta property=\"og:image\" content=\"https:\/\/marinaparquedasnacoes.pt\/wp-content\/uploads\/2022\/01\/Posto-de-abastecimento_DSC07513-960x408.jpg\" \/>\n<meta name=\"twitter:card\" content=\"summary_large_image\" \/>\n<meta name=\"twitter:label1\" content=\"Est. reading time\" \/>\n\t<meta name=\"twitter:data1\" content=\"1 minute\" \/>\n<script type=\"application\/ld+json\" class=\"yoast-schema-graph\">{\"@context\":\"https:\/\/schema.org\",\"@graph\":[{\"@type\":\"WebPage\",\"@id\":\"https:\/\/marinaparquedasnacoes.pt\/en\/galp-fuel-station\/\",\"url\":\"https:\/\/marinaparquedasnacoes.pt\/en\/galp-fuel-station\/\",\"name\":\"Galp Fuel Station - Marina Parque das Na\u00e7\u00f5es\",\"isPartOf\":{\"@id\":\"https:\/\/marinaparquedasnacoes.pt\/#website\"},\"primaryImageOfPage\":{\"@id\":\"https:\/\/marinaparquedasnacoes.pt\/en\/galp-fuel-station\/#primaryimage\"},\"image\":{\"@id\":\"https:\/\/marinaparquedasnacoes.pt\/en\/galp-fuel-station\/#primaryimage\"},\"thumbnailUrl\":\"https:\/\/marinaparquedasnacoes.pt\/wp-content\/uploads\/2022\/01\/Posto-de-abastecimento_DSC07513-960x408.jpg\",\"datePublished\":\"2022-01-06T14:41:53+00:00\",\"breadcrumb\":{\"@id\":\"https:\/\/marinaparquedasnacoes.pt\/en\/galp-fuel-station\/#breadcrumb\"},\"inLanguage\":\"en-US\",\"potentialAction\":[{\"@type\":\"ReadAction\",\"target\":[\"https:\/\/marinaparquedasnacoes.pt\/en\/galp-fuel-station\/\"]}]},{\"@type\":\"ImageObject\",\"inLanguage\":\"en-US\",\"@id\":\"https:\/\/marinaparquedasnacoes.pt\/en\/galp-fuel-station\/#primaryimage\",\"url\":\"https:\/\/marinaparquedasnacoes.pt\/wp-content\/uploads\/2022\/01\/Posto-de-abastecimento_DSC07513-960x408.jpg\",\"contentUrl\":\"https:\/\/marinaparquedasnacoes.pt\/wp-content\/uploads\/2022\/01\/Posto-de-abastecimento_DSC07513-960x408.jpg\"},{\"@type\":\"BreadcrumbList\",\"@id\":\"https:\/\/marinaparquedasnacoes.pt\/en\/galp-fuel-station\/#breadcrumb\",\"itemListElement\":[{\"@type\":\"ListItem\",\"position\":1,\"name\":\"In\u00edcio\",\"item\":\"https:\/\/marinaparquedasnacoes.pt\/en\/\"},{\"@type\":\"ListItem\",\"position\":2,\"name\":\"Galp Fuel Station\"}]},{\"@type\":\"WebSite\",\"@id\":\"https:\/\/marinaparquedasnacoes.pt\/#website\",\"url\":\"https:\/\/marinaparquedasnacoes.pt\/\",\"name\":\"Marina Parque das Na\u00e7\u00f5es\",\"description\":\"Lisboa - Portugal\",\"publisher\":{\"@id\":\"https:\/\/marinaparquedasnacoes.pt\/#organization\"},\"potentialAction\":[{\"@type\":\"SearchAction\",\"target\":{\"@type\":\"EntryPoint\",\"urlTemplate\":\"https:\/\/marinaparquedasnacoes.pt\/?s={search_term_string}\"},\"query-input\":{\"@type\":\"PropertyValueSpecification\",\"valueRequired\":true,\"valueName\":\"search_term_string\"}}],\"inLanguage\":\"en-US\"},{\"@type\":\"Organization\",\"@id\":\"https:\/\/marinaparquedasnacoes.pt\/#organization\",\"name\":\"Marina Parque das Na\u00e7\u00f5es\",\"url\":\"https:\/\/marinaparquedasnacoes.pt\/\",\"logo\":{\"@type\":\"ImageObject\",\"inLanguage\":\"en-US\",\"@id\":\"https:\/\/marinaparquedasnacoes.pt\/#\/schema\/logo\/image\/\",\"url\":\"https:\/\/marinaparquedasnacoes.pt\/wp-content\/uploads\/2021\/08\/Marina-Fundo-Amarelo-e1629364242795.jpg\",\"contentUrl\":\"https:\/\/marinaparquedasnacoes.pt\/wp-content\/uploads\/2021\/08\/Marina-Fundo-Amarelo-e1629364242795.jpg\",\"width\":500,\"height\":500,\"caption\":\"Marina Parque das Na\u00e7\u00f5es\"},\"image\":{\"@id\":\"https:\/\/marinaparquedasnacoes.pt\/#\/schema\/logo\/image\/\"}}]}<\/script>\n<!-- \/ Yoast SEO plugin. -->","yoast_head_json":{"title":"Galp Fuel Station - Marina Parque das Na\u00e7\u00f5es","robots":{"index":"index","follow":"follow","max-snippet":"max-snippet:-1","max-image-preview":"max-image-preview:large","max-video-preview":"max-video-preview:-1"},"canonical":"https:\/\/marinaparquedasnacoes.pt\/en\/galp-fuel-station\/","og_locale":"en_US","og_type":"article","og_title":"Galp Fuel Station - Marina Parque das Na\u00e7\u00f5es","og_description":"Marina Parque das Na\u00e7\u00f5es has a new Galp fuel station for boats, equipped with Gasoline 95 Evologic and Diesel Evologic. This service station adds to the services that Marina Parque das Na\u00e7\u00f5es has to offer. It is now possible to fuel your boat with quality products for which Galp is known. Leader in fuel distribution [&hellip;]","og_url":"https:\/\/marinaparquedasnacoes.pt\/en\/galp-fuel-station\/","og_site_name":"Marina Parque das Na\u00e7\u00f5es","og_image":[{"url":"https:\/\/marinaparquedasnacoes.pt\/wp-content\/uploads\/2022\/01\/Posto-de-abastecimento_DSC07513-960x408.jpg","type":"","width":"","height":""}],"twitter_card":"summary_large_image","twitter_misc":{"Est. reading time":"1 minute"},"schema":{"@context":"https:\/\/schema.org","@graph":[{"@type":"WebPage","@id":"https:\/\/marinaparquedasnacoes.pt\/en\/galp-fuel-station\/","url":"https:\/\/marinaparquedasnacoes.pt\/en\/galp-fuel-station\/","name":"Galp Fuel Station - Marina Parque das Na\u00e7\u00f5es","isPartOf":{"@id":"https:\/\/marinaparquedasnacoes.pt\/#website"},"primaryImageOfPage":{"@id":"https:\/\/marinaparquedasnacoes.pt\/en\/galp-fuel-station\/#primaryimage"},"image":{"@id":"https:\/\/marinaparquedasnacoes.pt\/en\/galp-fuel-station\/#primaryimage"},"thumbnailUrl":"https:\/\/marinaparquedasnacoes.pt\/wp-content\/uploads\/2022\/01\/Posto-de-abastecimento_DSC07513-960x408.jpg","datePublished":"2022-01-06T14:41:53+00:00","breadcrumb":{"@id":"https:\/\/marinaparquedasnacoes.pt\/en\/galp-fuel-station\/#breadcrumb"},"inLanguage":"en-US","potentialAction":[{"@type":"ReadAction","target":["https:\/\/marinaparquedasnacoes.pt\/en\/galp-fuel-station\/"]}]},{"@type":"ImageObject","inLanguage":"en-US","@id":"https:\/\/marinaparquedasnacoes.pt\/en\/galp-fuel-station\/#primaryimage","url":"https:\/\/marinaparquedasnacoes.pt\/wp-content\/uploads\/2022\/01\/Posto-de-abastecimento_DSC07513-960x408.jpg","contentUrl":"https:\/\/marinaparquedasnacoes.pt\/wp-content\/uploads\/2022\/01\/Posto-de-abastecimento_DSC07513-960x408.jpg"},{"@type":"BreadcrumbList","@id":"https:\/\/marinaparquedasnacoes.pt\/en\/galp-fuel-station\/#breadcrumb","itemListElement":[{"@type":"ListItem","position":1,"name":"In\u00edcio","item":"https:\/\/marinaparquedasnacoes.pt\/en\/"},{"@type":"ListItem","position":2,"name":"Galp Fuel Station"}]},{"@type":"WebSite","@id":"https:\/\/marinaparquedasnacoes.pt\/#website","url":"https:\/\/marinaparquedasnacoes.pt\/","name":"Marina Parque das Na\u00e7\u00f5es","description":"Lisboa - Portugal","publisher":{"@id":"https:\/\/marinaparquedasnacoes.pt\/#organization"},"potentialAction":[{"@type":"SearchAction","target":{"@type":"EntryPoint","urlTemplate":"https:\/\/marinaparquedasnacoes.pt\/?s={search_term_string}"},"query-input":{"@type":"PropertyValueSpecification","valueRequired":true,"valueName":"search_term_string"}}],"inLanguage":"en-US"},{"@type":"Organization","@id":"https:\/\/marinaparquedasnacoes.pt\/#organization","name":"Marina Parque das Na\u00e7\u00f5es","url":"https:\/\/marinaparquedasnacoes.pt\/","logo":{"@type":"ImageObject","inLanguage":"en-US","@id":"https:\/\/marinaparquedasnacoes.pt\/#\/schema\/logo\/image\/","url":"https:\/\/marinaparquedasnacoes.pt\/wp-content\/uploads\/2021\/08\/Marina-Fundo-Amarelo-e1629364242795.jpg","contentUrl":"https:\/\/marinaparquedasnacoes.pt\/wp-content\/uploads\/2021\/08\/Marina-Fundo-Amarelo-e1629364242795.jpg","width":500,"height":500,"caption":"Marina Parque das Na\u00e7\u00f5es"},"image":{"@id":"https:\/\/marinaparquedasnacoes.pt\/#\/schema\/logo\/image\/"}}]}},"_links":{"self":[{"href":"https:\/\/marinaparquedasnacoes.pt\/en\/wp-json\/wp\/v2\/pages\/7739","targetHints":{"allow":["GET"]}}],"collection":[{"href":"https:\/\/marinaparquedasnacoes.pt\/en\/wp-json\/wp\/v2\/pages"}],"about":[{"href":"https:\/\/marinaparquedasnacoes.pt\/en\/wp-json\/wp\/v2\/types\/page"}],"author":[{"embeddable":true,"href":"https:\/\/marinaparquedasnacoes.pt\/en\/wp-json\/wp\/v2\/users\/3"}],"replies":[{"embeddable":true,"href":"https:\/\/marinaparquedasnacoes.pt\/en\/wp-json\/wp\/v2\/comments?post=7739"}],"version-history":[{"count":1,"href":"https:\/\/marinaparquedasnacoes.pt\/en\/wp-json\/wp\/v2\/pages\/7739\/revisions"}],"predecessor-version":[{"id":7740,"href":"https:\/\/marinaparquedasnacoes.pt\/en\/wp-json\/wp\/v2\/pages\/7739\/revisions\/7740"}],"wp:attachment":[{"href":"https:\/\/marinaparquedasnacoes.pt\/en\/wp-json\/wp\/v2\/media?parent=7739"}],"curies":[{"name":"wp","href":"https:\/\/api.w.org\/{rel}","templated":true}]}}