{"id":7056,"date":"2021-08-26T13:24:38","date_gmt":"2021-08-26T12:24:38","guid":{"rendered":"https:\/\/marinaparquedasnacoes.pt\/terms-and-conditions-of-use\/"},"modified":"2021-08-26T13:25:02","modified_gmt":"2021-08-26T12:25:02","slug":"terms-and-conditions-of-use","status":"publish","type":"page","link":"https:\/\/marinaparquedasnacoes.pt\/en\/terms-and-conditions-of-use\/","title":{"rendered":"Terms and conditions of use"},"content":{"rendered":"\t\t<div data-elementor-type=\"wp-page\" data-elementor-id=\"7056\" class=\"elementor elementor-7056 elementor-6854\" data-elementor-post-type=\"page\">\n\t\t\t\t\t\t<section class=\"elementor-section elementor-top-section elementor-element elementor-element-462f61e elementor-section-boxed elementor-section-height-default elementor-section-height-default\" data-id=\"462f61e\" data-element_type=\"section\">\n\t\t\t\t\t\t<div class=\"elementor-container elementor-column-gap-default\">\n\t\t\t\t\t<div class=\"elementor-column elementor-col-100 elementor-top-column elementor-element elementor-element-e4e7f14\" data-id=\"e4e7f14\" data-element_type=\"column\">\n\t\t\t<div class=\"elementor-widget-wrap elementor-element-populated\">\n\t\t\t\t\t\t<div class=\"elementor-element elementor-element-5de5c5f elementor-widget elementor-widget-text-editor\" data-id=\"5de5c5f\" data-element_type=\"widget\" data-widget_type=\"text-editor.default\">\n\t\t\t\t<div class=\"elementor-widget-container\">\n\t\t\t\t\t\t\t\t\t<h3>1. Introduction<\/h3>\n<p>These Terms and Conditions regulate the access and use of the Website www.marinaparquedasnacoes.pt (hereinafter the \u201cWebsite\u201d), under the responsibility of Marina do Parque das Na\u00e7\u00f5es \u2013 Sociedade Concession\u00e1ria da Marina do Parque das Na\u00e7\u00f5es, S.A., tax identification number 503657140, with head office in Edif\u00edcio da Capitania \u2013 Passeio de Neptuno, 1990-193 Lisbon (hereinafter \u201cMPN\u201d)<br \/>\nAccess to and use of this Website gives those who use it the status of User and implies the acceptance, in full and without reservation, of these terms and conditions of use in relation to its respective contents and services.<br \/>\nAny legal questions regarding the Website can be consulted in the Privacy Policy and Cookie Policy sections, which are an integral part of these Terms and Conditions.<\/p>\n<h3>2. Intellectual property rights<\/h3>\n<p>Access to the Website does not grant the User any right to the content provided by MPN.<\/p>\n<h3>3. License<\/h3>\n<p>Without prejudice to the other clauses of these Terms and Conditions, MPN authorizes any User to use this Website for personal or informational purposes only, as provided for in these Terms and Conditions.<\/p>\n<p>The User is authorized to view, print and partially import the contents of this Website in the following cases:<\/p>\n<p>a) they are compatible with the purpose of the Website http:\/www.marinaparquedasnacoes.pt;<br \/>\nb) The purpose of which is to obtain information for personal and private use or to access any service of the Website.<\/p>\n<p>It is the User&#8217;s obligation to use the services and contents of this Website in accordance with the norms in force. For merely enunciative purposes, the User is not authorized to:<\/p>\n<ul>\n<li>Reproduce, copy, distribute, assign or publicly communicate the information contained on this Website;<\/li>\n<li>\u00a0Use the information for commercial purposes;<\/li>\n<li>\u00a0Send unsolicited messages to a plurality of people regardless of their purpose;<\/li>\n<li>\u00a0Sell, in any way, the information contained on MPN\u2019s Website;<\/li>\n<li>Manipulate or compile the databases that store information on this Website;<\/li>\n<li>Perform acts of spamming as a result of using this Website and the information and services it contains;<\/li>\n<li>Use this Website for illegal purposes against MPN or third parties;<\/li>\n<li>Prevent the normal operation of the Website.<\/li>\n<li>MPN may revoke the right to access and\/or use the Website, at its discretion and at any moment, if the practice of any abusive, fraudulent or illegal act is identified.<\/li>\n<\/ul>\n<h3>4. Contents and Limitation of Liability<\/h3>\n<p>Accessing and using the Website, including the display of webpages, constitute activities performed by Users.<\/p>\n<p>Users are solely and exclusively responsible for the use of the Website and its contents. Specifically, Users are solely responsible for communicating incorrect, false or third-party information or data without their consent, as well as for the misuse of the same.<\/p>\n<p>The contents of the Website may contain inaccuracies or errors. MPN is not responsible, and cannot be held liable in any way or manner for inaccuracies, errors and any damages caused or resulting from the use of the Website by Users. The User is solely and exclusively responsible for evaluating the information and content obtained through the Website.<\/p>\n<p>MPN shall not be liable for any damages resulting from the impossibility of accessing the services made available through the Website or caused by viruses, damaged files, errors, omissions, service interruptions, cancellation of contents, issues related to the Internet, service providers or with telephone and\/or telematics connection, unauthorized access, data alterations, or related to the inexistence and\/or malfunctioning of the User&#8217;s electronic devices.<\/p>\n<p>The User is responsible for the safekeeping and proper use of the personal information that they provided to MPN, as well as responsible for any damage or loss caused to MPN or third parties, resulting from the misuse, loss or theft of personal information.<\/p>\n<p>In case of registration, the User is responsible for keeping and correctly using their credentials, which allow access to the reserved area of the services. The User will also be responsible for providing specific information, which must be correct and updated. The User may not choose a User name belonging to a third party in order to use their identity. The User may not use a third party&#8217;s User name without their express consent.<\/p>\n<p>The User must guarantee the confidentiality of their password and must not share it with third parties. The User is entirely and exclusively responsible for any actions carried out through their User account, directly or through third parties authorized by the User.<\/p>\n<h3>5. Personal Data Protection<\/h3>\n<p>MPN has adopted the appropriate technical and organizational measures to safeguard the security of the services it provides through the Website, to ensure the integrity of electronic traffic data related to the forms of unauthorized use or knowledge, as well as to avoid risks of dissemination, destruction or loss of data and confidential or non-confidential information of its Users, contained in the Website, or related to access \u2013 unauthorized or in non-compliance with the applicable legal provisions \u2013 to such personal data and information.<br \/>\nFor detailed information on how we process the Users\u2019 personal data, we recommend that you consult the <a href=\"https:\/\/marinaparquedasnacoes.pt\/en\/privacy-policy\/\" target=\"_blank\" rel=\"noopener\">Privacy Policy<\/a>, which is an integral part of these Terms and Conditions, to understand how the Website collects and uses the Users\u2019 personal data and for what purposes.<\/p>\n<h3>6. Cookies<\/h3>\n<p>We recommend that you consult our <a href=\"https:\/\/marinaparquedasnacoes.pt\/en\/cookies-policy\/\" target=\"_blank\" rel=\"noopener\">Cookies Policy<\/a>, which is an integral part of these Terms and Conditions.<\/p>\n<h3>7. Changes to the Website<\/h3>\n<p>MPN reserves the right, at any moment, without prior notice and with immediate effect, to modify, delete, add, update the information and services contained on this Website. MPN also reserves the right to make any changes at any moment, without prior notice, modifications to the Website, its configuration, design, structure, presentation and access conditions.<\/p>\n<h3>8. Duration<\/h3>\n<p>MPN&#8217;s Website is available for an indefinite period of time.<\/p>\n<p>MPN reserves the right to interrupt, suspend or terminate the website&#8217;s service or any of its services, at any moment.<\/p>\n<h3>9. Links to Third Party Websites<\/h3>\n<p>In case the Website provides links to websites of third parties or to content made available by third parties (&#8220;Other Websites&#8221;), the respective links are included for informational purposes only and for the User&#8217;s convenience. MPN does not control the Other Websites and therefore it is not responsible for their contents or products, nor for any damage or loss that may result from their use by the User, as well as with regard to the processing of personal data during Internet browsing operations. Access to any of the Other Websites through an existing link on MPN\u2019s Website shall be carried out at the User&#8217;s sole responsibility and risk.<\/p>\n<p>Therefore, the User should pay particular attention when connecting to Other Websites through links on MPN\u2019s Website and carefully read their own terms and conditions and privacy policies.<\/p>\n<h3>10. Miscellaneous Provisions<\/h3>\n<p>The nullity of any of the provisions contained in these Terms and Conditions shall be considered removed from these Terms and Conditions, and the remaining provisions of these Terms and Conditions shall remain in full force and effect.<\/p>\n<p>The present Terms and Conditions shall be governed by Portuguese law and shall be interpreted in accordance with Portuguese law.<br \/>\nThe User may contact MPN for any question related to the Terms and Conditions or for any question related to the use of the Website, by registered letter with acknowledgement of receipt by mail, to the address Edif\u00edcio da Capitania \u2013 Passeio de Neptuno, 1990-193 Lisbon or by e-mail to marina.vidal@indice-consulting.pt.<\/p>\n<h3>11. Electronic Complaints Book<\/h3>\n<p>MPN makes the electronic format of the complaints book available on the Website. If the User wishes to file a complaint, they may do so by accessing the Digital Platform through the link https:\/\/www.livroreclamacoes.pt\/inicio.<br \/>\nA complaint submitted in the electronic format of the complaints book shall have the same validity as a complaint submitted in the physical format of the complaints book.<\/p>\n<p>Last update: 20th January 2025<\/p>\n\t\t\t\t\t\t\t\t<\/div>\n\t\t\t\t<\/div>\n\t\t\t\t\t<\/div>\n\t\t<\/div>\n\t\t\t\t\t<\/div>\n\t\t<\/section>\n\t\t\t\t<\/div>\n\t\t","protected":false},"excerpt":{"rendered":"<p>Lorem ipsum dolor sit amet, consectetur adipiscing elit. Ut elit tellus, luctus nec ullamcorper mattis, pulvinar dapibus leo.<\/p>\n","protected":false},"author":1,"featured_media":0,"parent":0,"menu_order":6,"comment_status":"closed","ping_status":"closed","template":"","meta":{"_acf_changed":false,"footnotes":""},"class_list":["post-7056","page","type-page","status-publish","hentry"],"acf":[],"yoast_head":"<!-- This site is optimized with the Yoast SEO plugin v24.8.1 - https:\/\/yoast.com\/wordpress\/plugins\/seo\/ -->\n<title>Terms and conditions of use - Marina Parque das Na\u00e7\u00f5es<\/title>\n<meta name=\"robots\" content=\"index, follow, max-snippet:-1, max-image-preview:large, max-video-preview:-1\" \/>\n<link rel=\"canonical\" href=\"https:\/\/marinaparquedasnacoes.pt\/en\/terms-and-conditions-of-use\/\" \/>\n<meta property=\"og:locale\" content=\"en_US\" \/>\n<meta property=\"og:type\" content=\"article\" \/>\n<meta property=\"og:title\" content=\"Terms and conditions of use - Marina Parque das Na\u00e7\u00f5es\" \/>\n<meta property=\"og:description\" content=\"Lorem ipsum dolor sit amet, consectetur adipiscing elit. Ut elit tellus, luctus nec ullamcorper mattis, pulvinar dapibus leo.\" \/>\n<meta property=\"og:url\" content=\"https:\/\/marinaparquedasnacoes.pt\/en\/terms-and-conditions-of-use\/\" \/>\n<meta property=\"og:site_name\" content=\"Marina Parque das Na\u00e7\u00f5es\" \/>\n<meta property=\"article:modified_time\" content=\"2021-08-26T12:25:02+00:00\" \/>\n<meta name=\"twitter:card\" content=\"summary_large_image\" \/>\n<script type=\"application\/ld+json\" class=\"yoast-schema-graph\">{\"@context\":\"https:\/\/schema.org\",\"@graph\":[{\"@type\":\"WebPage\",\"@id\":\"https:\/\/marinaparquedasnacoes.pt\/en\/terms-and-conditions-of-use\/\",\"url\":\"https:\/\/marinaparquedasnacoes.pt\/en\/terms-and-conditions-of-use\/\",\"name\":\"Terms and conditions of use - Marina Parque das Na\u00e7\u00f5es\",\"isPartOf\":{\"@id\":\"https:\/\/marinaparquedasnacoes.pt\/#website\"},\"datePublished\":\"2021-08-26T12:24:38+00:00\",\"dateModified\":\"2021-08-26T12:25:02+00:00\",\"breadcrumb\":{\"@id\":\"https:\/\/marinaparquedasnacoes.pt\/en\/terms-and-conditions-of-use\/#breadcrumb\"},\"inLanguage\":\"en-US\",\"potentialAction\":[{\"@type\":\"ReadAction\",\"target\":[\"https:\/\/marinaparquedasnacoes.pt\/en\/terms-and-conditions-of-use\/\"]}]},{\"@type\":\"BreadcrumbList\",\"@id\":\"https:\/\/marinaparquedasnacoes.pt\/en\/terms-and-conditions-of-use\/#breadcrumb\",\"itemListElement\":[{\"@type\":\"ListItem\",\"position\":1,\"name\":\"In\u00edcio\",\"item\":\"https:\/\/marinaparquedasnacoes.pt\/en\/\"},{\"@type\":\"ListItem\",\"position\":2,\"name\":\"Terms and conditions of use\"}]},{\"@type\":\"WebSite\",\"@id\":\"https:\/\/marinaparquedasnacoes.pt\/#website\",\"url\":\"https:\/\/marinaparquedasnacoes.pt\/\",\"name\":\"Marina Parque das Na\u00e7\u00f5es\",\"description\":\"Lisboa - Portugal\",\"publisher\":{\"@id\":\"https:\/\/marinaparquedasnacoes.pt\/#organization\"},\"potentialAction\":[{\"@type\":\"SearchAction\",\"target\":{\"@type\":\"EntryPoint\",\"urlTemplate\":\"https:\/\/marinaparquedasnacoes.pt\/?s={search_term_string}\"},\"query-input\":{\"@type\":\"PropertyValueSpecification\",\"valueRequired\":true,\"valueName\":\"search_term_string\"}}],\"inLanguage\":\"en-US\"},{\"@type\":\"Organization\",\"@id\":\"https:\/\/marinaparquedasnacoes.pt\/#organization\",\"name\":\"Marina Parque das Na\u00e7\u00f5es\",\"url\":\"https:\/\/marinaparquedasnacoes.pt\/\",\"logo\":{\"@type\":\"ImageObject\",\"inLanguage\":\"en-US\",\"@id\":\"https:\/\/marinaparquedasnacoes.pt\/#\/schema\/logo\/image\/\",\"url\":\"https:\/\/marinaparquedasnacoes.pt\/wp-content\/uploads\/2021\/08\/Marina-Fundo-Amarelo-e1629364242795.jpg\",\"contentUrl\":\"https:\/\/marinaparquedasnacoes.pt\/wp-content\/uploads\/2021\/08\/Marina-Fundo-Amarelo-e1629364242795.jpg\",\"width\":500,\"height\":500,\"caption\":\"Marina Parque das Na\u00e7\u00f5es\"},\"image\":{\"@id\":\"https:\/\/marinaparquedasnacoes.pt\/#\/schema\/logo\/image\/\"}}]}<\/script>\n<!-- \/ Yoast SEO plugin. -->","yoast_head_json":{"title":"Terms and conditions of use - Marina Parque das Na\u00e7\u00f5es","robots":{"index":"index","follow":"follow","max-snippet":"max-snippet:-1","max-image-preview":"max-image-preview:large","max-video-preview":"max-video-preview:-1"},"canonical":"https:\/\/marinaparquedasnacoes.pt\/en\/terms-and-conditions-of-use\/","og_locale":"en_US","og_type":"article","og_title":"Terms and conditions of use - Marina Parque das Na\u00e7\u00f5es","og_description":"Lorem ipsum dolor sit amet, consectetur adipiscing elit. Ut elit tellus, luctus nec ullamcorper mattis, pulvinar dapibus leo.","og_url":"https:\/\/marinaparquedasnacoes.pt\/en\/terms-and-conditions-of-use\/","og_site_name":"Marina Parque das Na\u00e7\u00f5es","article_modified_time":"2021-08-26T12:25:02+00:00","twitter_card":"summary_large_image","schema":{"@context":"https:\/\/schema.org","@graph":[{"@type":"WebPage","@id":"https:\/\/marinaparquedasnacoes.pt\/en\/terms-and-conditions-of-use\/","url":"https:\/\/marinaparquedasnacoes.pt\/en\/terms-and-conditions-of-use\/","name":"Terms and conditions of use - Marina Parque das Na\u00e7\u00f5es","isPartOf":{"@id":"https:\/\/marinaparquedasnacoes.pt\/#website"},"datePublished":"2021-08-26T12:24:38+00:00","dateModified":"2021-08-26T12:25:02+00:00","breadcrumb":{"@id":"https:\/\/marinaparquedasnacoes.pt\/en\/terms-and-conditions-of-use\/#breadcrumb"},"inLanguage":"en-US","potentialAction":[{"@type":"ReadAction","target":["https:\/\/marinaparquedasnacoes.pt\/en\/terms-and-conditions-of-use\/"]}]},{"@type":"BreadcrumbList","@id":"https:\/\/marinaparquedasnacoes.pt\/en\/terms-and-conditions-of-use\/#breadcrumb","itemListElement":[{"@type":"ListItem","position":1,"name":"In\u00edcio","item":"https:\/\/marinaparquedasnacoes.pt\/en\/"},{"@type":"ListItem","position":2,"name":"Terms and conditions of use"}]},{"@type":"WebSite","@id":"https:\/\/marinaparquedasnacoes.pt\/#website","url":"https:\/\/marinaparquedasnacoes.pt\/","name":"Marina Parque das Na\u00e7\u00f5es","description":"Lisboa - Portugal","publisher":{"@id":"https:\/\/marinaparquedasnacoes.pt\/#organization"},"potentialAction":[{"@type":"SearchAction","target":{"@type":"EntryPoint","urlTemplate":"https:\/\/marinaparquedasnacoes.pt\/?s={search_term_string}"},"query-input":{"@type":"PropertyValueSpecification","valueRequired":true,"valueName":"search_term_string"}}],"inLanguage":"en-US"},{"@type":"Organization","@id":"https:\/\/marinaparquedasnacoes.pt\/#organization","name":"Marina Parque das Na\u00e7\u00f5es","url":"https:\/\/marinaparquedasnacoes.pt\/","logo":{"@type":"ImageObject","inLanguage":"en-US","@id":"https:\/\/marinaparquedasnacoes.pt\/#\/schema\/logo\/image\/","url":"https:\/\/marinaparquedasnacoes.pt\/wp-content\/uploads\/2021\/08\/Marina-Fundo-Amarelo-e1629364242795.jpg","contentUrl":"https:\/\/marinaparquedasnacoes.pt\/wp-content\/uploads\/2021\/08\/Marina-Fundo-Amarelo-e1629364242795.jpg","width":500,"height":500,"caption":"Marina Parque das Na\u00e7\u00f5es"},"image":{"@id":"https:\/\/marinaparquedasnacoes.pt\/#\/schema\/logo\/image\/"}}]}},"_links":{"self":[{"href":"https:\/\/marinaparquedasnacoes.pt\/en\/wp-json\/wp\/v2\/pages\/7056","targetHints":{"allow":["GET"]}}],"collection":[{"href":"https:\/\/marinaparquedasnacoes.pt\/en\/wp-json\/wp\/v2\/pages"}],"about":[{"href":"https:\/\/marinaparquedasnacoes.pt\/en\/wp-json\/wp\/v2\/types\/page"}],"author":[{"embeddable":true,"href":"https:\/\/marinaparquedasnacoes.pt\/en\/wp-json\/wp\/v2\/users\/1"}],"replies":[{"embeddable":true,"href":"https:\/\/marinaparquedasnacoes.pt\/en\/wp-json\/wp\/v2\/comments?post=7056"}],"version-history":[{"count":3,"href":"https:\/\/marinaparquedasnacoes.pt\/en\/wp-json\/wp\/v2\/pages\/7056\/revisions"}],"predecessor-version":[{"id":7060,"href":"https:\/\/marinaparquedasnacoes.pt\/en\/wp-json\/wp\/v2\/pages\/7056\/revisions\/7060"}],"wp:attachment":[{"href":"https:\/\/marinaparquedasnacoes.pt\/en\/wp-json\/wp\/v2\/media?parent=7056"}],"curies":[{"name":"wp","href":"https:\/\/api.w.org\/{rel}","templated":true}]}}