{"id":5123,"date":"2021-06-01T15:54:52","date_gmt":"2021-06-01T14:54:52","guid":{"rendered":"https:\/\/mpn.streetdog.pt\/what-to-do\/parque-das-nacoes\/camoes-theatre\/"},"modified":"2021-06-01T15:54:52","modified_gmt":"2021-06-01T14:54:52","slug":"camoes-theatre","status":"publish","type":"page","link":"https:\/\/marinaparquedasnacoes.pt\/en\/what-to-do\/parque-das-nacoes\/camoes-theatre\/","title":{"rendered":"Cam\u00f5es Theatre"},"content":{"rendered":"<h2>HEADQUARTERS OF THE NATIONAL BALLET COMPANY<\/h2>\n<p>The Cam\u00f5es theatre is a reference of culture, with a privileged location in Lisbon, near the\u00a0Oceanarium.<\/p>\n<p>Planned with simple lines, characteristic from the Portuguese architect Manuel Salgado, this together with the surrounding urban space, this dynamic culture becomes an attribute to the various social events promoted by Cam\u00f5es Theatre.<\/p>\n<p class=\"walk\">Average walking duration from the Marina: 10 min<\/p>\n<p class=\"distance\">Distance from the Marina:\u00a0850 m<\/p>\n","protected":false},"excerpt":{"rendered":"<p>HEADQUARTERS OF THE NATIONAL BALLET COMPANY The Cam\u00f5es theatre is a reference of culture, with a privileged location in Lisbon, near the\u00a0Oceanarium. Planned with simple lines, characteristic from the Portuguese architect Manuel Salgado, this together with the surrounding urban space, this dynamic culture becomes an attribute to the various social events promoted by Cam\u00f5es Theatre. [&hellip;]<\/p>\n","protected":false},"author":2,"featured_media":4314,"parent":5064,"menu_order":164,"comment_status":"closed","ping_status":"closed","template":"","meta":{"_acf_changed":false,"footnotes":""},"class_list":["post-5123","page","type-page","status-publish","has-post-thumbnail","hentry"],"acf":[],"yoast_head":"<!-- This site is optimized with the Yoast SEO plugin v24.8.1 - https:\/\/yoast.com\/wordpress\/plugins\/seo\/ -->\n<title>Cam\u00f5es Theatre - Marina Parque das Na\u00e7\u00f5es<\/title>\n<meta name=\"robots\" content=\"index, follow, max-snippet:-1, max-image-preview:large, max-video-preview:-1\" \/>\n<link rel=\"canonical\" href=\"https:\/\/marinaparquedasnacoes.pt\/en\/what-to-do\/parque-das-nacoes\/camoes-theatre\/\" \/>\n<meta property=\"og:locale\" content=\"en_US\" \/>\n<meta property=\"og:type\" content=\"article\" \/>\n<meta property=\"og:title\" content=\"Cam\u00f5es Theatre - Marina Parque das Na\u00e7\u00f5es\" \/>\n<meta property=\"og:description\" content=\"HEADQUARTERS OF THE NATIONAL BALLET COMPANY The Cam\u00f5es theatre is a reference of culture, with a privileged location in Lisbon, near the\u00a0Oceanarium. Planned with simple lines, characteristic from the Portuguese architect Manuel Salgado, this together with the surrounding urban space, this dynamic culture becomes an attribute to the various social events promoted by Cam\u00f5es Theatre. [&hellip;]\" \/>\n<meta property=\"og:url\" content=\"https:\/\/marinaparquedasnacoes.pt\/en\/what-to-do\/parque-das-nacoes\/camoes-theatre\/\" \/>\n<meta property=\"og:site_name\" content=\"Marina Parque das Na\u00e7\u00f5es\" \/>\n<meta property=\"og:image\" content=\"https:\/\/marinaparquedasnacoes.pt\/wp-content\/uploads\/2021\/04\/teatro-camoes_20090907DSC_8673.jpg\" \/>\n\t<meta property=\"og:image:width\" content=\"1600\" \/>\n\t<meta property=\"og:image:height\" content=\"680\" \/>\n\t<meta property=\"og:image:type\" content=\"image\/jpeg\" \/>\n<meta name=\"twitter:card\" content=\"summary_large_image\" \/>\n<script type=\"application\/ld+json\" class=\"yoast-schema-graph\">{\"@context\":\"https:\/\/schema.org\",\"@graph\":[{\"@type\":\"WebPage\",\"@id\":\"https:\/\/marinaparquedasnacoes.pt\/en\/what-to-do\/parque-das-nacoes\/camoes-theatre\/\",\"url\":\"https:\/\/marinaparquedasnacoes.pt\/en\/what-to-do\/parque-das-nacoes\/camoes-theatre\/\",\"name\":\"Cam\u00f5es Theatre - Marina Parque das Na\u00e7\u00f5es\",\"isPartOf\":{\"@id\":\"https:\/\/marinaparquedasnacoes.pt\/#website\"},\"primaryImageOfPage\":{\"@id\":\"https:\/\/marinaparquedasnacoes.pt\/en\/what-to-do\/parque-das-nacoes\/camoes-theatre\/#primaryimage\"},\"image\":{\"@id\":\"https:\/\/marinaparquedasnacoes.pt\/en\/what-to-do\/parque-das-nacoes\/camoes-theatre\/#primaryimage\"},\"thumbnailUrl\":\"https:\/\/marinaparquedasnacoes.pt\/wp-content\/uploads\/2021\/04\/teatro-camoes_20090907DSC_8673.jpg\",\"datePublished\":\"2021-06-01T14:54:52+00:00\",\"breadcrumb\":{\"@id\":\"https:\/\/marinaparquedasnacoes.pt\/en\/what-to-do\/parque-das-nacoes\/camoes-theatre\/#breadcrumb\"},\"inLanguage\":\"en-US\",\"potentialAction\":[{\"@type\":\"ReadAction\",\"target\":[\"https:\/\/marinaparquedasnacoes.pt\/en\/what-to-do\/parque-das-nacoes\/camoes-theatre\/\"]}]},{\"@type\":\"ImageObject\",\"inLanguage\":\"en-US\",\"@id\":\"https:\/\/marinaparquedasnacoes.pt\/en\/what-to-do\/parque-das-nacoes\/camoes-theatre\/#primaryimage\",\"url\":\"https:\/\/marinaparquedasnacoes.pt\/wp-content\/uploads\/2021\/04\/teatro-camoes_20090907DSC_8673.jpg\",\"contentUrl\":\"https:\/\/marinaparquedasnacoes.pt\/wp-content\/uploads\/2021\/04\/teatro-camoes_20090907DSC_8673.jpg\",\"width\":1600,\"height\":680},{\"@type\":\"BreadcrumbList\",\"@id\":\"https:\/\/marinaparquedasnacoes.pt\/en\/what-to-do\/parque-das-nacoes\/camoes-theatre\/#breadcrumb\",\"itemListElement\":[{\"@type\":\"ListItem\",\"position\":1,\"name\":\"In\u00edcio\",\"item\":\"https:\/\/marinaparquedasnacoes.pt\/en\/\"},{\"@type\":\"ListItem\",\"position\":2,\"name\":\"What to do\",\"item\":\"https:\/\/marinaparquedasnacoes.pt\/en\/what-to-do\/\"},{\"@type\":\"ListItem\",\"position\":3,\"name\":\"Parque das Na\u00e7\u00f5es\",\"item\":\"https:\/\/marinaparquedasnacoes.pt\/en\/what-to-do\/parque-das-nacoes\/\"},{\"@type\":\"ListItem\",\"position\":4,\"name\":\"Cam\u00f5es Theatre\"}]},{\"@type\":\"WebSite\",\"@id\":\"https:\/\/marinaparquedasnacoes.pt\/#website\",\"url\":\"https:\/\/marinaparquedasnacoes.pt\/\",\"name\":\"Marina Parque das Na\u00e7\u00f5es\",\"description\":\"Lisboa - Portugal\",\"publisher\":{\"@id\":\"https:\/\/marinaparquedasnacoes.pt\/#organization\"},\"potentialAction\":[{\"@type\":\"SearchAction\",\"target\":{\"@type\":\"EntryPoint\",\"urlTemplate\":\"https:\/\/marinaparquedasnacoes.pt\/?s={search_term_string}\"},\"query-input\":{\"@type\":\"PropertyValueSpecification\",\"valueRequired\":true,\"valueName\":\"search_term_string\"}}],\"inLanguage\":\"en-US\"},{\"@type\":\"Organization\",\"@id\":\"https:\/\/marinaparquedasnacoes.pt\/#organization\",\"name\":\"Marina Parque das Na\u00e7\u00f5es\",\"url\":\"https:\/\/marinaparquedasnacoes.pt\/\",\"logo\":{\"@type\":\"ImageObject\",\"inLanguage\":\"en-US\",\"@id\":\"https:\/\/marinaparquedasnacoes.pt\/#\/schema\/logo\/image\/\",\"url\":\"https:\/\/marinaparquedasnacoes.pt\/wp-content\/uploads\/2021\/08\/Marina-Fundo-Amarelo-e1629364242795.jpg\",\"contentUrl\":\"https:\/\/marinaparquedasnacoes.pt\/wp-content\/uploads\/2021\/08\/Marina-Fundo-Amarelo-e1629364242795.jpg\",\"width\":500,\"height\":500,\"caption\":\"Marina Parque das Na\u00e7\u00f5es\"},\"image\":{\"@id\":\"https:\/\/marinaparquedasnacoes.pt\/#\/schema\/logo\/image\/\"}}]}<\/script>\n<!-- \/ Yoast SEO plugin. -->","yoast_head_json":{"title":"Cam\u00f5es Theatre - Marina Parque das Na\u00e7\u00f5es","robots":{"index":"index","follow":"follow","max-snippet":"max-snippet:-1","max-image-preview":"max-image-preview:large","max-video-preview":"max-video-preview:-1"},"canonical":"https:\/\/marinaparquedasnacoes.pt\/en\/what-to-do\/parque-das-nacoes\/camoes-theatre\/","og_locale":"en_US","og_type":"article","og_title":"Cam\u00f5es Theatre - Marina Parque das Na\u00e7\u00f5es","og_description":"HEADQUARTERS OF THE NATIONAL BALLET COMPANY The Cam\u00f5es theatre is a reference of culture, with a privileged location in Lisbon, near the\u00a0Oceanarium. Planned with simple lines, characteristic from the Portuguese architect Manuel Salgado, this together with the surrounding urban space, this dynamic culture becomes an attribute to the various social events promoted by Cam\u00f5es Theatre. [&hellip;]","og_url":"https:\/\/marinaparquedasnacoes.pt\/en\/what-to-do\/parque-das-nacoes\/camoes-theatre\/","og_site_name":"Marina Parque das Na\u00e7\u00f5es","og_image":[{"width":1600,"height":680,"url":"https:\/\/marinaparquedasnacoes.pt\/wp-content\/uploads\/2021\/04\/teatro-camoes_20090907DSC_8673.jpg","type":"image\/jpeg"}],"twitter_card":"summary_large_image","schema":{"@context":"https:\/\/schema.org","@graph":[{"@type":"WebPage","@id":"https:\/\/marinaparquedasnacoes.pt\/en\/what-to-do\/parque-das-nacoes\/camoes-theatre\/","url":"https:\/\/marinaparquedasnacoes.pt\/en\/what-to-do\/parque-das-nacoes\/camoes-theatre\/","name":"Cam\u00f5es Theatre - Marina Parque das Na\u00e7\u00f5es","isPartOf":{"@id":"https:\/\/marinaparquedasnacoes.pt\/#website"},"primaryImageOfPage":{"@id":"https:\/\/marinaparquedasnacoes.pt\/en\/what-to-do\/parque-das-nacoes\/camoes-theatre\/#primaryimage"},"image":{"@id":"https:\/\/marinaparquedasnacoes.pt\/en\/what-to-do\/parque-das-nacoes\/camoes-theatre\/#primaryimage"},"thumbnailUrl":"https:\/\/marinaparquedasnacoes.pt\/wp-content\/uploads\/2021\/04\/teatro-camoes_20090907DSC_8673.jpg","datePublished":"2021-06-01T14:54:52+00:00","breadcrumb":{"@id":"https:\/\/marinaparquedasnacoes.pt\/en\/what-to-do\/parque-das-nacoes\/camoes-theatre\/#breadcrumb"},"inLanguage":"en-US","potentialAction":[{"@type":"ReadAction","target":["https:\/\/marinaparquedasnacoes.pt\/en\/what-to-do\/parque-das-nacoes\/camoes-theatre\/"]}]},{"@type":"ImageObject","inLanguage":"en-US","@id":"https:\/\/marinaparquedasnacoes.pt\/en\/what-to-do\/parque-das-nacoes\/camoes-theatre\/#primaryimage","url":"https:\/\/marinaparquedasnacoes.pt\/wp-content\/uploads\/2021\/04\/teatro-camoes_20090907DSC_8673.jpg","contentUrl":"https:\/\/marinaparquedasnacoes.pt\/wp-content\/uploads\/2021\/04\/teatro-camoes_20090907DSC_8673.jpg","width":1600,"height":680},{"@type":"BreadcrumbList","@id":"https:\/\/marinaparquedasnacoes.pt\/en\/what-to-do\/parque-das-nacoes\/camoes-theatre\/#breadcrumb","itemListElement":[{"@type":"ListItem","position":1,"name":"In\u00edcio","item":"https:\/\/marinaparquedasnacoes.pt\/en\/"},{"@type":"ListItem","position":2,"name":"What to do","item":"https:\/\/marinaparquedasnacoes.pt\/en\/what-to-do\/"},{"@type":"ListItem","position":3,"name":"Parque das Na\u00e7\u00f5es","item":"https:\/\/marinaparquedasnacoes.pt\/en\/what-to-do\/parque-das-nacoes\/"},{"@type":"ListItem","position":4,"name":"Cam\u00f5es Theatre"}]},{"@type":"WebSite","@id":"https:\/\/marinaparquedasnacoes.pt\/#website","url":"https:\/\/marinaparquedasnacoes.pt\/","name":"Marina Parque das Na\u00e7\u00f5es","description":"Lisboa - Portugal","publisher":{"@id":"https:\/\/marinaparquedasnacoes.pt\/#organization"},"potentialAction":[{"@type":"SearchAction","target":{"@type":"EntryPoint","urlTemplate":"https:\/\/marinaparquedasnacoes.pt\/?s={search_term_string}"},"query-input":{"@type":"PropertyValueSpecification","valueRequired":true,"valueName":"search_term_string"}}],"inLanguage":"en-US"},{"@type":"Organization","@id":"https:\/\/marinaparquedasnacoes.pt\/#organization","name":"Marina Parque das Na\u00e7\u00f5es","url":"https:\/\/marinaparquedasnacoes.pt\/","logo":{"@type":"ImageObject","inLanguage":"en-US","@id":"https:\/\/marinaparquedasnacoes.pt\/#\/schema\/logo\/image\/","url":"https:\/\/marinaparquedasnacoes.pt\/wp-content\/uploads\/2021\/08\/Marina-Fundo-Amarelo-e1629364242795.jpg","contentUrl":"https:\/\/marinaparquedasnacoes.pt\/wp-content\/uploads\/2021\/08\/Marina-Fundo-Amarelo-e1629364242795.jpg","width":500,"height":500,"caption":"Marina Parque das Na\u00e7\u00f5es"},"image":{"@id":"https:\/\/marinaparquedasnacoes.pt\/#\/schema\/logo\/image\/"}}]}},"_links":{"self":[{"href":"https:\/\/marinaparquedasnacoes.pt\/en\/wp-json\/wp\/v2\/pages\/5123","targetHints":{"allow":["GET"]}}],"collection":[{"href":"https:\/\/marinaparquedasnacoes.pt\/en\/wp-json\/wp\/v2\/pages"}],"about":[{"href":"https:\/\/marinaparquedasnacoes.pt\/en\/wp-json\/wp\/v2\/types\/page"}],"author":[{"embeddable":true,"href":"https:\/\/marinaparquedasnacoes.pt\/en\/wp-json\/wp\/v2\/users\/2"}],"replies":[{"embeddable":true,"href":"https:\/\/marinaparquedasnacoes.pt\/en\/wp-json\/wp\/v2\/comments?post=5123"}],"version-history":[{"count":0,"href":"https:\/\/marinaparquedasnacoes.pt\/en\/wp-json\/wp\/v2\/pages\/5123\/revisions"}],"up":[{"embeddable":true,"href":"https:\/\/marinaparquedasnacoes.pt\/en\/wp-json\/wp\/v2\/pages\/5064"}],"wp:featuredmedia":[{"embeddable":true,"href":"https:\/\/marinaparquedasnacoes.pt\/en\/wp-json\/wp\/v2\/media\/4314"}],"wp:attachment":[{"href":"https:\/\/marinaparquedasnacoes.pt\/en\/wp-json\/wp\/v2\/media?parent=5123"}],"curies":[{"name":"wp","href":"https:\/\/api.w.org\/{rel}","templated":true}]}}