{"id":5069,"date":"2021-05-28T13:40:52","date_gmt":"2021-05-28T12:40:52","guid":{"rendered":"https:\/\/mpn.streetdog.pt\/old-city\/"},"modified":"2021-06-01T15:44:51","modified_gmt":"2021-06-01T14:44:51","slug":"old-city","status":"publish","type":"page","link":"https:\/\/marinaparquedasnacoes.pt\/en\/what-to-do\/in-lisbon\/old-city\/","title":{"rendered":"Old City"},"content":{"rendered":"<h2>YOU CANNOT COME TO LISBON WITHOUT EXPLORING THE CITY\u2019S OLD QUARTER.<\/h2>\n<p>You will enjoy simply getting lost on its narrow and labyrinthine streets with architecture ranging from medieval to 19th Century buildings. Everywhere you look you will find historical and cultural landmarks as well as pleasant restaurants, caf\u00e9s and Fado clubs.<\/p>\n<p>How to get there The bus 781 or 728 will take you from the marina to the city center.\u00a0Get off at Santa Apol\u00f3nia and from there start exploring the old city. Highlights include the Castle of S\u00e3o Jorge, Santa L\u00fazia scenic view point, and the medieval Lisbon Cathedral.<\/p>\n<h3>The neighbourhood features:<\/h3>\n<p><strong>Lisbon Cathedral<\/strong>\u00a0\u2013 The city\u2019s Romanesque cathedral, the S\u00e9, was founded in 1150, three years after King Afonso Henriques recaptured Lisbon from the Moors. It stands on the site of a mosque and earlier Roman foundations. It is easily recognized by its twin castellated bell towers, an architectural feature that lends the building an odd military character.<\/p>\n<p><strong>S\u00e3o Jorge\u2019s Castle<\/strong>\u00a0\u2013 Arguably the most popular tourist attraction in Lisbon, St. George\u2019s Castle crowns a hilltop in the old part of the city. From the millennium-old battlements of this castle you have a bird\u2019s-eye view of the city in the company of roaming peacocks.<\/p>\n<p><strong>Alfama<\/strong>\u00a0\u2013 This is the city\u2019s medieval neighborhood, still bearing signs of the Moorish presence in the city, with the buildings very close to each other, and very irregular streets. It\u2019s very picturesque and a great spot in which to wander around, exploring the maze of its medieval alleys and crumbling houses with drying laundry on wrought-iron balconies, peeking into tiny shops and terraces with perfect postcard views.<\/p>\n<p><strong>Pante\u00e3o Nacional<\/strong>\u00a0\u2013 The National Pantheon, located in the historic district of Santa Clara, occupies the building originally intended for Santa Engracia church. It is a beautiful and unique church that acts as the national pantheon of Portugal and the final burial location for many important Portuguese like Am\u00e1lia Rodrigues, the most famous Fado diva. Situated in the old city, it\u2019s massive white dome is a prominent feature of the skyline of eastern Lisbon.<\/p>\n","protected":false},"excerpt":{"rendered":"<p>YOU CANNOT COME TO LISBON WITHOUT EXPLORING THE CITY\u2019S OLD QUARTER. You will enjoy simply getting lost on its narrow and labyrinthine streets with architecture ranging from medieval to 19th Century buildings. Everywhere you look you will find historical and cultural landmarks as well as pleasant restaurants, caf\u00e9s and Fado clubs. How to get there [&hellip;]<\/p>\n","protected":false},"author":2,"featured_media":4320,"parent":5113,"menu_order":155,"comment_status":"closed","ping_status":"closed","template":"","meta":{"_acf_changed":false,"footnotes":""},"class_list":["post-5069","page","type-page","status-publish","has-post-thumbnail","hentry"],"acf":[],"yoast_head":"<!-- This site is optimized with the Yoast SEO plugin v24.8.1 - https:\/\/yoast.com\/wordpress\/plugins\/seo\/ -->\n<title>Old City - Marina Parque das Na\u00e7\u00f5es<\/title>\n<meta name=\"robots\" content=\"index, follow, max-snippet:-1, max-image-preview:large, max-video-preview:-1\" \/>\n<link rel=\"canonical\" href=\"https:\/\/marinaparquedasnacoes.pt\/en\/what-to-do\/in-lisbon\/old-city\/\" \/>\n<meta property=\"og:locale\" content=\"en_US\" \/>\n<meta property=\"og:type\" content=\"article\" \/>\n<meta property=\"og:title\" content=\"Old City - Marina Parque das Na\u00e7\u00f5es\" \/>\n<meta property=\"og:description\" content=\"YOU CANNOT COME TO LISBON WITHOUT EXPLORING THE CITY\u2019S OLD QUARTER. You will enjoy simply getting lost on its narrow and labyrinthine streets with architecture ranging from medieval to 19th Century buildings. Everywhere you look you will find historical and cultural landmarks as well as pleasant restaurants, caf\u00e9s and Fado clubs. How to get there [&hellip;]\" \/>\n<meta property=\"og:url\" content=\"https:\/\/marinaparquedasnacoes.pt\/en\/what-to-do\/in-lisbon\/old-city\/\" \/>\n<meta property=\"og:site_name\" content=\"Marina Parque das Na\u00e7\u00f5es\" \/>\n<meta property=\"article:modified_time\" content=\"2021-06-01T14:44:51+00:00\" \/>\n<meta property=\"og:image\" content=\"https:\/\/marinaparquedasnacoes.pt\/wp-content\/uploads\/2021\/04\/lisboa-alfama.jpg\" \/>\n\t<meta property=\"og:image:width\" content=\"1600\" \/>\n\t<meta property=\"og:image:height\" content=\"680\" \/>\n\t<meta property=\"og:image:type\" content=\"image\/jpeg\" \/>\n<meta name=\"twitter:card\" content=\"summary_large_image\" \/>\n<meta name=\"twitter:label1\" content=\"Est. reading time\" \/>\n\t<meta name=\"twitter:data1\" content=\"2 minutes\" \/>\n<script type=\"application\/ld+json\" class=\"yoast-schema-graph\">{\"@context\":\"https:\/\/schema.org\",\"@graph\":[{\"@type\":\"WebPage\",\"@id\":\"https:\/\/marinaparquedasnacoes.pt\/en\/what-to-do\/in-lisbon\/old-city\/\",\"url\":\"https:\/\/marinaparquedasnacoes.pt\/en\/what-to-do\/in-lisbon\/old-city\/\",\"name\":\"Old City - Marina Parque das Na\u00e7\u00f5es\",\"isPartOf\":{\"@id\":\"https:\/\/marinaparquedasnacoes.pt\/#website\"},\"primaryImageOfPage\":{\"@id\":\"https:\/\/marinaparquedasnacoes.pt\/en\/what-to-do\/in-lisbon\/old-city\/#primaryimage\"},\"image\":{\"@id\":\"https:\/\/marinaparquedasnacoes.pt\/en\/what-to-do\/in-lisbon\/old-city\/#primaryimage\"},\"thumbnailUrl\":\"https:\/\/marinaparquedasnacoes.pt\/wp-content\/uploads\/2021\/04\/lisboa-alfama.jpg\",\"datePublished\":\"2021-05-28T12:40:52+00:00\",\"dateModified\":\"2021-06-01T14:44:51+00:00\",\"breadcrumb\":{\"@id\":\"https:\/\/marinaparquedasnacoes.pt\/en\/what-to-do\/in-lisbon\/old-city\/#breadcrumb\"},\"inLanguage\":\"en-US\",\"potentialAction\":[{\"@type\":\"ReadAction\",\"target\":[\"https:\/\/marinaparquedasnacoes.pt\/en\/what-to-do\/in-lisbon\/old-city\/\"]}]},{\"@type\":\"ImageObject\",\"inLanguage\":\"en-US\",\"@id\":\"https:\/\/marinaparquedasnacoes.pt\/en\/what-to-do\/in-lisbon\/old-city\/#primaryimage\",\"url\":\"https:\/\/marinaparquedasnacoes.pt\/wp-content\/uploads\/2021\/04\/lisboa-alfama.jpg\",\"contentUrl\":\"https:\/\/marinaparquedasnacoes.pt\/wp-content\/uploads\/2021\/04\/lisboa-alfama.jpg\",\"width\":1600,\"height\":680,\"caption\":\"Lisbon, Portugal cityscape in the Alfama District.\"},{\"@type\":\"BreadcrumbList\",\"@id\":\"https:\/\/marinaparquedasnacoes.pt\/en\/what-to-do\/in-lisbon\/old-city\/#breadcrumb\",\"itemListElement\":[{\"@type\":\"ListItem\",\"position\":1,\"name\":\"In\u00edcio\",\"item\":\"https:\/\/marinaparquedasnacoes.pt\/en\/\"},{\"@type\":\"ListItem\",\"position\":2,\"name\":\"What to do\",\"item\":\"https:\/\/marinaparquedasnacoes.pt\/en\/what-to-do\/\"},{\"@type\":\"ListItem\",\"position\":3,\"name\":\"In Lisbon\",\"item\":\"https:\/\/marinaparquedasnacoes.pt\/en\/what-to-do\/in-lisbon\/\"},{\"@type\":\"ListItem\",\"position\":4,\"name\":\"Old City\"}]},{\"@type\":\"WebSite\",\"@id\":\"https:\/\/marinaparquedasnacoes.pt\/#website\",\"url\":\"https:\/\/marinaparquedasnacoes.pt\/\",\"name\":\"Marina Parque das Na\u00e7\u00f5es\",\"description\":\"Lisboa - Portugal\",\"publisher\":{\"@id\":\"https:\/\/marinaparquedasnacoes.pt\/#organization\"},\"potentialAction\":[{\"@type\":\"SearchAction\",\"target\":{\"@type\":\"EntryPoint\",\"urlTemplate\":\"https:\/\/marinaparquedasnacoes.pt\/?s={search_term_string}\"},\"query-input\":{\"@type\":\"PropertyValueSpecification\",\"valueRequired\":true,\"valueName\":\"search_term_string\"}}],\"inLanguage\":\"en-US\"},{\"@type\":\"Organization\",\"@id\":\"https:\/\/marinaparquedasnacoes.pt\/#organization\",\"name\":\"Marina Parque das Na\u00e7\u00f5es\",\"url\":\"https:\/\/marinaparquedasnacoes.pt\/\",\"logo\":{\"@type\":\"ImageObject\",\"inLanguage\":\"en-US\",\"@id\":\"https:\/\/marinaparquedasnacoes.pt\/#\/schema\/logo\/image\/\",\"url\":\"https:\/\/marinaparquedasnacoes.pt\/wp-content\/uploads\/2021\/08\/Marina-Fundo-Amarelo-e1629364242795.jpg\",\"contentUrl\":\"https:\/\/marinaparquedasnacoes.pt\/wp-content\/uploads\/2021\/08\/Marina-Fundo-Amarelo-e1629364242795.jpg\",\"width\":500,\"height\":500,\"caption\":\"Marina Parque das Na\u00e7\u00f5es\"},\"image\":{\"@id\":\"https:\/\/marinaparquedasnacoes.pt\/#\/schema\/logo\/image\/\"}}]}<\/script>\n<!-- \/ Yoast SEO plugin. -->","yoast_head_json":{"title":"Old City - Marina Parque das Na\u00e7\u00f5es","robots":{"index":"index","follow":"follow","max-snippet":"max-snippet:-1","max-image-preview":"max-image-preview:large","max-video-preview":"max-video-preview:-1"},"canonical":"https:\/\/marinaparquedasnacoes.pt\/en\/what-to-do\/in-lisbon\/old-city\/","og_locale":"en_US","og_type":"article","og_title":"Old City - Marina Parque das Na\u00e7\u00f5es","og_description":"YOU CANNOT COME TO LISBON WITHOUT EXPLORING THE CITY\u2019S OLD QUARTER. You will enjoy simply getting lost on its narrow and labyrinthine streets with architecture ranging from medieval to 19th Century buildings. Everywhere you look you will find historical and cultural landmarks as well as pleasant restaurants, caf\u00e9s and Fado clubs. How to get there [&hellip;]","og_url":"https:\/\/marinaparquedasnacoes.pt\/en\/what-to-do\/in-lisbon\/old-city\/","og_site_name":"Marina Parque das Na\u00e7\u00f5es","article_modified_time":"2021-06-01T14:44:51+00:00","og_image":[{"width":1600,"height":680,"url":"https:\/\/marinaparquedasnacoes.pt\/wp-content\/uploads\/2021\/04\/lisboa-alfama.jpg","type":"image\/jpeg"}],"twitter_card":"summary_large_image","twitter_misc":{"Est. reading time":"2 minutes"},"schema":{"@context":"https:\/\/schema.org","@graph":[{"@type":"WebPage","@id":"https:\/\/marinaparquedasnacoes.pt\/en\/what-to-do\/in-lisbon\/old-city\/","url":"https:\/\/marinaparquedasnacoes.pt\/en\/what-to-do\/in-lisbon\/old-city\/","name":"Old City - Marina Parque das Na\u00e7\u00f5es","isPartOf":{"@id":"https:\/\/marinaparquedasnacoes.pt\/#website"},"primaryImageOfPage":{"@id":"https:\/\/marinaparquedasnacoes.pt\/en\/what-to-do\/in-lisbon\/old-city\/#primaryimage"},"image":{"@id":"https:\/\/marinaparquedasnacoes.pt\/en\/what-to-do\/in-lisbon\/old-city\/#primaryimage"},"thumbnailUrl":"https:\/\/marinaparquedasnacoes.pt\/wp-content\/uploads\/2021\/04\/lisboa-alfama.jpg","datePublished":"2021-05-28T12:40:52+00:00","dateModified":"2021-06-01T14:44:51+00:00","breadcrumb":{"@id":"https:\/\/marinaparquedasnacoes.pt\/en\/what-to-do\/in-lisbon\/old-city\/#breadcrumb"},"inLanguage":"en-US","potentialAction":[{"@type":"ReadAction","target":["https:\/\/marinaparquedasnacoes.pt\/en\/what-to-do\/in-lisbon\/old-city\/"]}]},{"@type":"ImageObject","inLanguage":"en-US","@id":"https:\/\/marinaparquedasnacoes.pt\/en\/what-to-do\/in-lisbon\/old-city\/#primaryimage","url":"https:\/\/marinaparquedasnacoes.pt\/wp-content\/uploads\/2021\/04\/lisboa-alfama.jpg","contentUrl":"https:\/\/marinaparquedasnacoes.pt\/wp-content\/uploads\/2021\/04\/lisboa-alfama.jpg","width":1600,"height":680,"caption":"Lisbon, Portugal cityscape in the Alfama District."},{"@type":"BreadcrumbList","@id":"https:\/\/marinaparquedasnacoes.pt\/en\/what-to-do\/in-lisbon\/old-city\/#breadcrumb","itemListElement":[{"@type":"ListItem","position":1,"name":"In\u00edcio","item":"https:\/\/marinaparquedasnacoes.pt\/en\/"},{"@type":"ListItem","position":2,"name":"What to do","item":"https:\/\/marinaparquedasnacoes.pt\/en\/what-to-do\/"},{"@type":"ListItem","position":3,"name":"In Lisbon","item":"https:\/\/marinaparquedasnacoes.pt\/en\/what-to-do\/in-lisbon\/"},{"@type":"ListItem","position":4,"name":"Old City"}]},{"@type":"WebSite","@id":"https:\/\/marinaparquedasnacoes.pt\/#website","url":"https:\/\/marinaparquedasnacoes.pt\/","name":"Marina Parque das Na\u00e7\u00f5es","description":"Lisboa - Portugal","publisher":{"@id":"https:\/\/marinaparquedasnacoes.pt\/#organization"},"potentialAction":[{"@type":"SearchAction","target":{"@type":"EntryPoint","urlTemplate":"https:\/\/marinaparquedasnacoes.pt\/?s={search_term_string}"},"query-input":{"@type":"PropertyValueSpecification","valueRequired":true,"valueName":"search_term_string"}}],"inLanguage":"en-US"},{"@type":"Organization","@id":"https:\/\/marinaparquedasnacoes.pt\/#organization","name":"Marina Parque das Na\u00e7\u00f5es","url":"https:\/\/marinaparquedasnacoes.pt\/","logo":{"@type":"ImageObject","inLanguage":"en-US","@id":"https:\/\/marinaparquedasnacoes.pt\/#\/schema\/logo\/image\/","url":"https:\/\/marinaparquedasnacoes.pt\/wp-content\/uploads\/2021\/08\/Marina-Fundo-Amarelo-e1629364242795.jpg","contentUrl":"https:\/\/marinaparquedasnacoes.pt\/wp-content\/uploads\/2021\/08\/Marina-Fundo-Amarelo-e1629364242795.jpg","width":500,"height":500,"caption":"Marina Parque das Na\u00e7\u00f5es"},"image":{"@id":"https:\/\/marinaparquedasnacoes.pt\/#\/schema\/logo\/image\/"}}]}},"_links":{"self":[{"href":"https:\/\/marinaparquedasnacoes.pt\/en\/wp-json\/wp\/v2\/pages\/5069","targetHints":{"allow":["GET"]}}],"collection":[{"href":"https:\/\/marinaparquedasnacoes.pt\/en\/wp-json\/wp\/v2\/pages"}],"about":[{"href":"https:\/\/marinaparquedasnacoes.pt\/en\/wp-json\/wp\/v2\/types\/page"}],"author":[{"embeddable":true,"href":"https:\/\/marinaparquedasnacoes.pt\/en\/wp-json\/wp\/v2\/users\/2"}],"replies":[{"embeddable":true,"href":"https:\/\/marinaparquedasnacoes.pt\/en\/wp-json\/wp\/v2\/comments?post=5069"}],"version-history":[{"count":0,"href":"https:\/\/marinaparquedasnacoes.pt\/en\/wp-json\/wp\/v2\/pages\/5069\/revisions"}],"up":[{"embeddable":true,"href":"https:\/\/marinaparquedasnacoes.pt\/en\/wp-json\/wp\/v2\/pages\/5113"}],"wp:featuredmedia":[{"embeddable":true,"href":"https:\/\/marinaparquedasnacoes.pt\/en\/wp-json\/wp\/v2\/media\/4320"}],"wp:attachment":[{"href":"https:\/\/marinaparquedasnacoes.pt\/en\/wp-json\/wp\/v2\/media?parent=5069"}],"curies":[{"name":"wp","href":"https:\/\/api.w.org\/{rel}","templated":true}]}}