{"id":5064,"date":"2021-05-28T13:26:17","date_gmt":"2021-05-28T12:26:17","guid":{"rendered":"https:\/\/mpn.streetdog.pt\/what-to-do\/parque-das-nacoes\/"},"modified":"2021-05-28T13:26:17","modified_gmt":"2021-05-28T12:26:17","slug":"parque-das-nacoes","status":"publish","type":"page","link":"https:\/\/marinaparquedasnacoes.pt\/en\/what-to-do\/parque-das-nacoes\/","title":{"rendered":"Parque das Na\u00e7\u00f5es"},"content":{"rendered":"<h2>ALL THIS IN A MILE RADIUS!<\/h2>\n<p>Integrated in the renovated area of Parque das Na\u00e7\u00f5es, the former Expo\u201998 exhibition site, it offers major attractions such as the Oceanarium, one of the largest world aquarium with more than 25.000 species, a Casino, with daily live shows, the Meo arena\u00a0that hosts major concerts with international stars, relaxing gardens and riverside walks.<\/p>\n<p>An urban tour: modern, rich and intense.<\/p>\n","protected":false},"excerpt":{"rendered":"<p>ALL THIS IN A MILE RADIUS! Integrated in the renovated area of Parque das Na\u00e7\u00f5es, the former Expo\u201998 exhibition site, it offers major attractions such as the Oceanarium, one of the largest world aquarium with more than 25.000 species, a Casino, with daily live shows, the Meo arena\u00a0that hosts major concerts with international stars, relaxing [&hellip;]<\/p>\n","protected":false},"author":2,"featured_media":4311,"parent":5024,"menu_order":157,"comment_status":"closed","ping_status":"closed","template":"","meta":{"_acf_changed":false,"footnotes":""},"class_list":["post-5064","page","type-page","status-publish","has-post-thumbnail","hentry"],"acf":[],"yoast_head":"<!-- This site is optimized with the Yoast SEO plugin v24.8.1 - https:\/\/yoast.com\/wordpress\/plugins\/seo\/ -->\n<title>Parque das Na\u00e7\u00f5es - Marina Parque das Na\u00e7\u00f5es<\/title>\n<meta name=\"robots\" content=\"index, follow, max-snippet:-1, max-image-preview:large, max-video-preview:-1\" \/>\n<link rel=\"canonical\" href=\"https:\/\/marinaparquedasnacoes.pt\/en\/what-to-do\/parque-das-nacoes\/\" \/>\n<meta property=\"og:locale\" content=\"en_US\" \/>\n<meta property=\"og:type\" content=\"article\" \/>\n<meta property=\"og:title\" content=\"Parque das Na\u00e7\u00f5es - Marina Parque das Na\u00e7\u00f5es\" \/>\n<meta property=\"og:description\" content=\"ALL THIS IN A MILE RADIUS! Integrated in the renovated area of Parque das Na\u00e7\u00f5es, the former Expo\u201998 exhibition site, it offers major attractions such as the Oceanarium, one of the largest world aquarium with more than 25.000 species, a Casino, with daily live shows, the Meo arena\u00a0that hosts major concerts with international stars, relaxing [&hellip;]\" \/>\n<meta property=\"og:url\" content=\"https:\/\/marinaparquedasnacoes.pt\/en\/what-to-do\/parque-das-nacoes\/\" \/>\n<meta property=\"og:site_name\" content=\"Marina Parque das Na\u00e7\u00f5es\" \/>\n<meta property=\"og:image\" content=\"https:\/\/marinaparquedasnacoes.pt\/wp-content\/uploads\/2021\/04\/parque-das-nacoes_20090907DSC_8699.jpg\" \/>\n\t<meta property=\"og:image:width\" content=\"1600\" \/>\n\t<meta property=\"og:image:height\" content=\"680\" \/>\n\t<meta property=\"og:image:type\" content=\"image\/jpeg\" \/>\n<meta name=\"twitter:card\" content=\"summary_large_image\" \/>\n<script type=\"application\/ld+json\" class=\"yoast-schema-graph\">{\"@context\":\"https:\/\/schema.org\",\"@graph\":[{\"@type\":\"WebPage\",\"@id\":\"https:\/\/marinaparquedasnacoes.pt\/en\/what-to-do\/parque-das-nacoes\/\",\"url\":\"https:\/\/marinaparquedasnacoes.pt\/en\/what-to-do\/parque-das-nacoes\/\",\"name\":\"Parque das Na\u00e7\u00f5es - Marina Parque das Na\u00e7\u00f5es\",\"isPartOf\":{\"@id\":\"https:\/\/marinaparquedasnacoes.pt\/#website\"},\"primaryImageOfPage\":{\"@id\":\"https:\/\/marinaparquedasnacoes.pt\/en\/what-to-do\/parque-das-nacoes\/#primaryimage\"},\"image\":{\"@id\":\"https:\/\/marinaparquedasnacoes.pt\/en\/what-to-do\/parque-das-nacoes\/#primaryimage\"},\"thumbnailUrl\":\"https:\/\/marinaparquedasnacoes.pt\/wp-content\/uploads\/2021\/04\/parque-das-nacoes_20090907DSC_8699.jpg\",\"datePublished\":\"2021-05-28T12:26:17+00:00\",\"breadcrumb\":{\"@id\":\"https:\/\/marinaparquedasnacoes.pt\/en\/what-to-do\/parque-das-nacoes\/#breadcrumb\"},\"inLanguage\":\"en-US\",\"potentialAction\":[{\"@type\":\"ReadAction\",\"target\":[\"https:\/\/marinaparquedasnacoes.pt\/en\/what-to-do\/parque-das-nacoes\/\"]}]},{\"@type\":\"ImageObject\",\"inLanguage\":\"en-US\",\"@id\":\"https:\/\/marinaparquedasnacoes.pt\/en\/what-to-do\/parque-das-nacoes\/#primaryimage\",\"url\":\"https:\/\/marinaparquedasnacoes.pt\/wp-content\/uploads\/2021\/04\/parque-das-nacoes_20090907DSC_8699.jpg\",\"contentUrl\":\"https:\/\/marinaparquedasnacoes.pt\/wp-content\/uploads\/2021\/04\/parque-das-nacoes_20090907DSC_8699.jpg\",\"width\":1600,\"height\":680},{\"@type\":\"BreadcrumbList\",\"@id\":\"https:\/\/marinaparquedasnacoes.pt\/en\/what-to-do\/parque-das-nacoes\/#breadcrumb\",\"itemListElement\":[{\"@type\":\"ListItem\",\"position\":1,\"name\":\"In\u00edcio\",\"item\":\"https:\/\/marinaparquedasnacoes.pt\/en\/\"},{\"@type\":\"ListItem\",\"position\":2,\"name\":\"What to do\",\"item\":\"https:\/\/marinaparquedasnacoes.pt\/en\/what-to-do\/\"},{\"@type\":\"ListItem\",\"position\":3,\"name\":\"Parque das Na\u00e7\u00f5es\"}]},{\"@type\":\"WebSite\",\"@id\":\"https:\/\/marinaparquedasnacoes.pt\/#website\",\"url\":\"https:\/\/marinaparquedasnacoes.pt\/\",\"name\":\"Marina Parque das Na\u00e7\u00f5es\",\"description\":\"Lisboa - Portugal\",\"publisher\":{\"@id\":\"https:\/\/marinaparquedasnacoes.pt\/#organization\"},\"potentialAction\":[{\"@type\":\"SearchAction\",\"target\":{\"@type\":\"EntryPoint\",\"urlTemplate\":\"https:\/\/marinaparquedasnacoes.pt\/?s={search_term_string}\"},\"query-input\":{\"@type\":\"PropertyValueSpecification\",\"valueRequired\":true,\"valueName\":\"search_term_string\"}}],\"inLanguage\":\"en-US\"},{\"@type\":\"Organization\",\"@id\":\"https:\/\/marinaparquedasnacoes.pt\/#organization\",\"name\":\"Marina Parque das Na\u00e7\u00f5es\",\"url\":\"https:\/\/marinaparquedasnacoes.pt\/\",\"logo\":{\"@type\":\"ImageObject\",\"inLanguage\":\"en-US\",\"@id\":\"https:\/\/marinaparquedasnacoes.pt\/#\/schema\/logo\/image\/\",\"url\":\"https:\/\/marinaparquedasnacoes.pt\/wp-content\/uploads\/2021\/08\/Marina-Fundo-Amarelo-e1629364242795.jpg\",\"contentUrl\":\"https:\/\/marinaparquedasnacoes.pt\/wp-content\/uploads\/2021\/08\/Marina-Fundo-Amarelo-e1629364242795.jpg\",\"width\":500,\"height\":500,\"caption\":\"Marina Parque das Na\u00e7\u00f5es\"},\"image\":{\"@id\":\"https:\/\/marinaparquedasnacoes.pt\/#\/schema\/logo\/image\/\"}}]}<\/script>\n<!-- \/ Yoast SEO plugin. -->","yoast_head_json":{"title":"Parque das Na\u00e7\u00f5es - Marina Parque das Na\u00e7\u00f5es","robots":{"index":"index","follow":"follow","max-snippet":"max-snippet:-1","max-image-preview":"max-image-preview:large","max-video-preview":"max-video-preview:-1"},"canonical":"https:\/\/marinaparquedasnacoes.pt\/en\/what-to-do\/parque-das-nacoes\/","og_locale":"en_US","og_type":"article","og_title":"Parque das Na\u00e7\u00f5es - Marina Parque das Na\u00e7\u00f5es","og_description":"ALL THIS IN A MILE RADIUS! Integrated in the renovated area of Parque das Na\u00e7\u00f5es, the former Expo\u201998 exhibition site, it offers major attractions such as the Oceanarium, one of the largest world aquarium with more than 25.000 species, a Casino, with daily live shows, the Meo arena\u00a0that hosts major concerts with international stars, relaxing [&hellip;]","og_url":"https:\/\/marinaparquedasnacoes.pt\/en\/what-to-do\/parque-das-nacoes\/","og_site_name":"Marina Parque das Na\u00e7\u00f5es","og_image":[{"width":1600,"height":680,"url":"https:\/\/marinaparquedasnacoes.pt\/wp-content\/uploads\/2021\/04\/parque-das-nacoes_20090907DSC_8699.jpg","type":"image\/jpeg"}],"twitter_card":"summary_large_image","schema":{"@context":"https:\/\/schema.org","@graph":[{"@type":"WebPage","@id":"https:\/\/marinaparquedasnacoes.pt\/en\/what-to-do\/parque-das-nacoes\/","url":"https:\/\/marinaparquedasnacoes.pt\/en\/what-to-do\/parque-das-nacoes\/","name":"Parque das Na\u00e7\u00f5es - Marina Parque das Na\u00e7\u00f5es","isPartOf":{"@id":"https:\/\/marinaparquedasnacoes.pt\/#website"},"primaryImageOfPage":{"@id":"https:\/\/marinaparquedasnacoes.pt\/en\/what-to-do\/parque-das-nacoes\/#primaryimage"},"image":{"@id":"https:\/\/marinaparquedasnacoes.pt\/en\/what-to-do\/parque-das-nacoes\/#primaryimage"},"thumbnailUrl":"https:\/\/marinaparquedasnacoes.pt\/wp-content\/uploads\/2021\/04\/parque-das-nacoes_20090907DSC_8699.jpg","datePublished":"2021-05-28T12:26:17+00:00","breadcrumb":{"@id":"https:\/\/marinaparquedasnacoes.pt\/en\/what-to-do\/parque-das-nacoes\/#breadcrumb"},"inLanguage":"en-US","potentialAction":[{"@type":"ReadAction","target":["https:\/\/marinaparquedasnacoes.pt\/en\/what-to-do\/parque-das-nacoes\/"]}]},{"@type":"ImageObject","inLanguage":"en-US","@id":"https:\/\/marinaparquedasnacoes.pt\/en\/what-to-do\/parque-das-nacoes\/#primaryimage","url":"https:\/\/marinaparquedasnacoes.pt\/wp-content\/uploads\/2021\/04\/parque-das-nacoes_20090907DSC_8699.jpg","contentUrl":"https:\/\/marinaparquedasnacoes.pt\/wp-content\/uploads\/2021\/04\/parque-das-nacoes_20090907DSC_8699.jpg","width":1600,"height":680},{"@type":"BreadcrumbList","@id":"https:\/\/marinaparquedasnacoes.pt\/en\/what-to-do\/parque-das-nacoes\/#breadcrumb","itemListElement":[{"@type":"ListItem","position":1,"name":"In\u00edcio","item":"https:\/\/marinaparquedasnacoes.pt\/en\/"},{"@type":"ListItem","position":2,"name":"What to do","item":"https:\/\/marinaparquedasnacoes.pt\/en\/what-to-do\/"},{"@type":"ListItem","position":3,"name":"Parque das Na\u00e7\u00f5es"}]},{"@type":"WebSite","@id":"https:\/\/marinaparquedasnacoes.pt\/#website","url":"https:\/\/marinaparquedasnacoes.pt\/","name":"Marina Parque das Na\u00e7\u00f5es","description":"Lisboa - Portugal","publisher":{"@id":"https:\/\/marinaparquedasnacoes.pt\/#organization"},"potentialAction":[{"@type":"SearchAction","target":{"@type":"EntryPoint","urlTemplate":"https:\/\/marinaparquedasnacoes.pt\/?s={search_term_string}"},"query-input":{"@type":"PropertyValueSpecification","valueRequired":true,"valueName":"search_term_string"}}],"inLanguage":"en-US"},{"@type":"Organization","@id":"https:\/\/marinaparquedasnacoes.pt\/#organization","name":"Marina Parque das Na\u00e7\u00f5es","url":"https:\/\/marinaparquedasnacoes.pt\/","logo":{"@type":"ImageObject","inLanguage":"en-US","@id":"https:\/\/marinaparquedasnacoes.pt\/#\/schema\/logo\/image\/","url":"https:\/\/marinaparquedasnacoes.pt\/wp-content\/uploads\/2021\/08\/Marina-Fundo-Amarelo-e1629364242795.jpg","contentUrl":"https:\/\/marinaparquedasnacoes.pt\/wp-content\/uploads\/2021\/08\/Marina-Fundo-Amarelo-e1629364242795.jpg","width":500,"height":500,"caption":"Marina Parque das Na\u00e7\u00f5es"},"image":{"@id":"https:\/\/marinaparquedasnacoes.pt\/#\/schema\/logo\/image\/"}}]}},"_links":{"self":[{"href":"https:\/\/marinaparquedasnacoes.pt\/en\/wp-json\/wp\/v2\/pages\/5064","targetHints":{"allow":["GET"]}}],"collection":[{"href":"https:\/\/marinaparquedasnacoes.pt\/en\/wp-json\/wp\/v2\/pages"}],"about":[{"href":"https:\/\/marinaparquedasnacoes.pt\/en\/wp-json\/wp\/v2\/types\/page"}],"author":[{"embeddable":true,"href":"https:\/\/marinaparquedasnacoes.pt\/en\/wp-json\/wp\/v2\/users\/2"}],"replies":[{"embeddable":true,"href":"https:\/\/marinaparquedasnacoes.pt\/en\/wp-json\/wp\/v2\/comments?post=5064"}],"version-history":[{"count":0,"href":"https:\/\/marinaparquedasnacoes.pt\/en\/wp-json\/wp\/v2\/pages\/5064\/revisions"}],"up":[{"embeddable":true,"href":"https:\/\/marinaparquedasnacoes.pt\/en\/wp-json\/wp\/v2\/pages\/5024"}],"wp:featuredmedia":[{"embeddable":true,"href":"https:\/\/marinaparquedasnacoes.pt\/en\/wp-json\/wp\/v2\/media\/4311"}],"wp:attachment":[{"href":"https:\/\/marinaparquedasnacoes.pt\/en\/wp-json\/wp\/v2\/media?parent=5064"}],"curies":[{"name":"wp","href":"https:\/\/api.w.org\/{rel}","templated":true}]}}