{"id":4953,"date":"2021-05-27T16:55:02","date_gmt":"2021-05-27T15:55:02","guid":{"rendered":"https:\/\/mpn.streetdog.pt\/nautical-activities\/boat-charters\/"},"modified":"2021-05-28T12:28:39","modified_gmt":"2021-05-28T11:28:39","slug":"boat-charters","status":"publish","type":"page","link":"https:\/\/marinaparquedasnacoes.pt\/en\/nautical-activities\/boat-charters\/","title":{"rendered":"Boat Charters"},"content":{"rendered":"<p>Marina Parque das Na\u00e7\u00f5es \u00a0offers you a range of boats to Charter, so that you may enjoy the best that the sea and the Tagus has to offer , in the company of your family and friends.<\/p>\n<p>With a wide choice of operators based here, in the marina, all of them with properly equipped boats and \u00a0with experienced crew, your sailing experience promises to be a great moment of escape and commune with nature.<\/p>\n<p>Choose or let us help you choose the most appropriate boat and set sail on this adventure<\/p>\n","protected":false},"excerpt":{"rendered":"<p>Marina Parque das Na\u00e7\u00f5es \u00a0offers you a range of boats to Charter, so that you may enjoy the best that the sea and the Tagus has to offer , in the company of your family and friends. With a wide choice of operators based here, in the marina, all of them with properly equipped boats [&hellip;]<\/p>\n","protected":false},"author":1,"featured_media":4299,"parent":4237,"menu_order":93,"comment_status":"closed","ping_status":"closed","template":"","meta":{"_acf_changed":false,"footnotes":""},"class_list":["post-4953","page","type-page","status-publish","has-post-thumbnail","hentry"],"acf":[],"yoast_head":"<!-- This site is optimized with the Yoast SEO plugin v24.8.1 - https:\/\/yoast.com\/wordpress\/plugins\/seo\/ -->\n<title>Boat Charters - Marina Parque das Na\u00e7\u00f5es<\/title>\n<meta name=\"robots\" content=\"index, follow, max-snippet:-1, max-image-preview:large, max-video-preview:-1\" \/>\n<link rel=\"canonical\" href=\"https:\/\/marinaparquedasnacoes.pt\/en\/nautical-activities\/boat-charters\/\" \/>\n<meta property=\"og:locale\" content=\"en_US\" \/>\n<meta property=\"og:type\" content=\"article\" \/>\n<meta property=\"og:title\" content=\"Boat Charters - Marina Parque das Na\u00e7\u00f5es\" \/>\n<meta property=\"og:description\" content=\"Marina Parque das Na\u00e7\u00f5es \u00a0offers you a range of boats to Charter, so that you may enjoy the best that the sea and the Tagus has to offer , in the company of your family and friends. With a wide choice of operators based here, in the marina, all of them with properly equipped boats [&hellip;]\" \/>\n<meta property=\"og:url\" content=\"https:\/\/marinaparquedasnacoes.pt\/en\/nautical-activities\/boat-charters\/\" \/>\n<meta property=\"og:site_name\" content=\"Marina Parque das Na\u00e7\u00f5es\" \/>\n<meta property=\"article:modified_time\" content=\"2021-05-28T11:28:39+00:00\" \/>\n<meta property=\"og:image\" content=\"https:\/\/marinaparquedasnacoes.pt\/wp-content\/uploads\/2021\/04\/vela_000019380346_large.jpg\" \/>\n\t<meta property=\"og:image:width\" content=\"1600\" \/>\n\t<meta property=\"og:image:height\" content=\"680\" \/>\n\t<meta property=\"og:image:type\" content=\"image\/jpeg\" \/>\n<meta name=\"twitter:card\" content=\"summary_large_image\" \/>\n<script type=\"application\/ld+json\" class=\"yoast-schema-graph\">{\"@context\":\"https:\/\/schema.org\",\"@graph\":[{\"@type\":\"WebPage\",\"@id\":\"https:\/\/marinaparquedasnacoes.pt\/en\/nautical-activities\/boat-charters\/\",\"url\":\"https:\/\/marinaparquedasnacoes.pt\/en\/nautical-activities\/boat-charters\/\",\"name\":\"Boat Charters - Marina Parque das Na\u00e7\u00f5es\",\"isPartOf\":{\"@id\":\"https:\/\/marinaparquedasnacoes.pt\/#website\"},\"primaryImageOfPage\":{\"@id\":\"https:\/\/marinaparquedasnacoes.pt\/en\/nautical-activities\/boat-charters\/#primaryimage\"},\"image\":{\"@id\":\"https:\/\/marinaparquedasnacoes.pt\/en\/nautical-activities\/boat-charters\/#primaryimage\"},\"thumbnailUrl\":\"https:\/\/marinaparquedasnacoes.pt\/wp-content\/uploads\/2021\/04\/vela_000019380346_large.jpg\",\"datePublished\":\"2021-05-27T15:55:02+00:00\",\"dateModified\":\"2021-05-28T11:28:39+00:00\",\"breadcrumb\":{\"@id\":\"https:\/\/marinaparquedasnacoes.pt\/en\/nautical-activities\/boat-charters\/#breadcrumb\"},\"inLanguage\":\"en-US\",\"potentialAction\":[{\"@type\":\"ReadAction\",\"target\":[\"https:\/\/marinaparquedasnacoes.pt\/en\/nautical-activities\/boat-charters\/\"]}]},{\"@type\":\"ImageObject\",\"inLanguage\":\"en-US\",\"@id\":\"https:\/\/marinaparquedasnacoes.pt\/en\/nautical-activities\/boat-charters\/#primaryimage\",\"url\":\"https:\/\/marinaparquedasnacoes.pt\/wp-content\/uploads\/2021\/04\/vela_000019380346_large.jpg\",\"contentUrl\":\"https:\/\/marinaparquedasnacoes.pt\/wp-content\/uploads\/2021\/04\/vela_000019380346_large.jpg\",\"width\":1600,\"height\":680,\"caption\":\"Group of friends having fun on a yacht with blue sky background\"},{\"@type\":\"BreadcrumbList\",\"@id\":\"https:\/\/marinaparquedasnacoes.pt\/en\/nautical-activities\/boat-charters\/#breadcrumb\",\"itemListElement\":[{\"@type\":\"ListItem\",\"position\":1,\"name\":\"In\u00edcio\",\"item\":\"https:\/\/marinaparquedasnacoes.pt\/en\/\"},{\"@type\":\"ListItem\",\"position\":2,\"name\":\"Nautical Activities\",\"item\":\"https:\/\/marinaparquedasnacoes.pt\/en\/nautical-activities\/\"},{\"@type\":\"ListItem\",\"position\":3,\"name\":\"Boat Charters\"}]},{\"@type\":\"WebSite\",\"@id\":\"https:\/\/marinaparquedasnacoes.pt\/#website\",\"url\":\"https:\/\/marinaparquedasnacoes.pt\/\",\"name\":\"Marina Parque das Na\u00e7\u00f5es\",\"description\":\"Lisboa - Portugal\",\"publisher\":{\"@id\":\"https:\/\/marinaparquedasnacoes.pt\/#organization\"},\"potentialAction\":[{\"@type\":\"SearchAction\",\"target\":{\"@type\":\"EntryPoint\",\"urlTemplate\":\"https:\/\/marinaparquedasnacoes.pt\/?s={search_term_string}\"},\"query-input\":{\"@type\":\"PropertyValueSpecification\",\"valueRequired\":true,\"valueName\":\"search_term_string\"}}],\"inLanguage\":\"en-US\"},{\"@type\":\"Organization\",\"@id\":\"https:\/\/marinaparquedasnacoes.pt\/#organization\",\"name\":\"Marina Parque das Na\u00e7\u00f5es\",\"url\":\"https:\/\/marinaparquedasnacoes.pt\/\",\"logo\":{\"@type\":\"ImageObject\",\"inLanguage\":\"en-US\",\"@id\":\"https:\/\/marinaparquedasnacoes.pt\/#\/schema\/logo\/image\/\",\"url\":\"https:\/\/marinaparquedasnacoes.pt\/wp-content\/uploads\/2021\/08\/Marina-Fundo-Amarelo-e1629364242795.jpg\",\"contentUrl\":\"https:\/\/marinaparquedasnacoes.pt\/wp-content\/uploads\/2021\/08\/Marina-Fundo-Amarelo-e1629364242795.jpg\",\"width\":500,\"height\":500,\"caption\":\"Marina Parque das Na\u00e7\u00f5es\"},\"image\":{\"@id\":\"https:\/\/marinaparquedasnacoes.pt\/#\/schema\/logo\/image\/\"}}]}<\/script>\n<!-- \/ Yoast SEO plugin. -->","yoast_head_json":{"title":"Boat Charters - Marina Parque das Na\u00e7\u00f5es","robots":{"index":"index","follow":"follow","max-snippet":"max-snippet:-1","max-image-preview":"max-image-preview:large","max-video-preview":"max-video-preview:-1"},"canonical":"https:\/\/marinaparquedasnacoes.pt\/en\/nautical-activities\/boat-charters\/","og_locale":"en_US","og_type":"article","og_title":"Boat Charters - Marina Parque das Na\u00e7\u00f5es","og_description":"Marina Parque das Na\u00e7\u00f5es \u00a0offers you a range of boats to Charter, so that you may enjoy the best that the sea and the Tagus has to offer , in the company of your family and friends. With a wide choice of operators based here, in the marina, all of them with properly equipped boats [&hellip;]","og_url":"https:\/\/marinaparquedasnacoes.pt\/en\/nautical-activities\/boat-charters\/","og_site_name":"Marina Parque das Na\u00e7\u00f5es","article_modified_time":"2021-05-28T11:28:39+00:00","og_image":[{"width":1600,"height":680,"url":"https:\/\/marinaparquedasnacoes.pt\/wp-content\/uploads\/2021\/04\/vela_000019380346_large.jpg","type":"image\/jpeg"}],"twitter_card":"summary_large_image","schema":{"@context":"https:\/\/schema.org","@graph":[{"@type":"WebPage","@id":"https:\/\/marinaparquedasnacoes.pt\/en\/nautical-activities\/boat-charters\/","url":"https:\/\/marinaparquedasnacoes.pt\/en\/nautical-activities\/boat-charters\/","name":"Boat Charters - Marina Parque das Na\u00e7\u00f5es","isPartOf":{"@id":"https:\/\/marinaparquedasnacoes.pt\/#website"},"primaryImageOfPage":{"@id":"https:\/\/marinaparquedasnacoes.pt\/en\/nautical-activities\/boat-charters\/#primaryimage"},"image":{"@id":"https:\/\/marinaparquedasnacoes.pt\/en\/nautical-activities\/boat-charters\/#primaryimage"},"thumbnailUrl":"https:\/\/marinaparquedasnacoes.pt\/wp-content\/uploads\/2021\/04\/vela_000019380346_large.jpg","datePublished":"2021-05-27T15:55:02+00:00","dateModified":"2021-05-28T11:28:39+00:00","breadcrumb":{"@id":"https:\/\/marinaparquedasnacoes.pt\/en\/nautical-activities\/boat-charters\/#breadcrumb"},"inLanguage":"en-US","potentialAction":[{"@type":"ReadAction","target":["https:\/\/marinaparquedasnacoes.pt\/en\/nautical-activities\/boat-charters\/"]}]},{"@type":"ImageObject","inLanguage":"en-US","@id":"https:\/\/marinaparquedasnacoes.pt\/en\/nautical-activities\/boat-charters\/#primaryimage","url":"https:\/\/marinaparquedasnacoes.pt\/wp-content\/uploads\/2021\/04\/vela_000019380346_large.jpg","contentUrl":"https:\/\/marinaparquedasnacoes.pt\/wp-content\/uploads\/2021\/04\/vela_000019380346_large.jpg","width":1600,"height":680,"caption":"Group of friends having fun on a yacht with blue sky background"},{"@type":"BreadcrumbList","@id":"https:\/\/marinaparquedasnacoes.pt\/en\/nautical-activities\/boat-charters\/#breadcrumb","itemListElement":[{"@type":"ListItem","position":1,"name":"In\u00edcio","item":"https:\/\/marinaparquedasnacoes.pt\/en\/"},{"@type":"ListItem","position":2,"name":"Nautical Activities","item":"https:\/\/marinaparquedasnacoes.pt\/en\/nautical-activities\/"},{"@type":"ListItem","position":3,"name":"Boat Charters"}]},{"@type":"WebSite","@id":"https:\/\/marinaparquedasnacoes.pt\/#website","url":"https:\/\/marinaparquedasnacoes.pt\/","name":"Marina Parque das Na\u00e7\u00f5es","description":"Lisboa - Portugal","publisher":{"@id":"https:\/\/marinaparquedasnacoes.pt\/#organization"},"potentialAction":[{"@type":"SearchAction","target":{"@type":"EntryPoint","urlTemplate":"https:\/\/marinaparquedasnacoes.pt\/?s={search_term_string}"},"query-input":{"@type":"PropertyValueSpecification","valueRequired":true,"valueName":"search_term_string"}}],"inLanguage":"en-US"},{"@type":"Organization","@id":"https:\/\/marinaparquedasnacoes.pt\/#organization","name":"Marina Parque das Na\u00e7\u00f5es","url":"https:\/\/marinaparquedasnacoes.pt\/","logo":{"@type":"ImageObject","inLanguage":"en-US","@id":"https:\/\/marinaparquedasnacoes.pt\/#\/schema\/logo\/image\/","url":"https:\/\/marinaparquedasnacoes.pt\/wp-content\/uploads\/2021\/08\/Marina-Fundo-Amarelo-e1629364242795.jpg","contentUrl":"https:\/\/marinaparquedasnacoes.pt\/wp-content\/uploads\/2021\/08\/Marina-Fundo-Amarelo-e1629364242795.jpg","width":500,"height":500,"caption":"Marina Parque das Na\u00e7\u00f5es"},"image":{"@id":"https:\/\/marinaparquedasnacoes.pt\/#\/schema\/logo\/image\/"}}]}},"_links":{"self":[{"href":"https:\/\/marinaparquedasnacoes.pt\/en\/wp-json\/wp\/v2\/pages\/4953","targetHints":{"allow":["GET"]}}],"collection":[{"href":"https:\/\/marinaparquedasnacoes.pt\/en\/wp-json\/wp\/v2\/pages"}],"about":[{"href":"https:\/\/marinaparquedasnacoes.pt\/en\/wp-json\/wp\/v2\/types\/page"}],"author":[{"embeddable":true,"href":"https:\/\/marinaparquedasnacoes.pt\/en\/wp-json\/wp\/v2\/users\/1"}],"replies":[{"embeddable":true,"href":"https:\/\/marinaparquedasnacoes.pt\/en\/wp-json\/wp\/v2\/comments?post=4953"}],"version-history":[{"count":0,"href":"https:\/\/marinaparquedasnacoes.pt\/en\/wp-json\/wp\/v2\/pages\/4953\/revisions"}],"up":[{"embeddable":true,"href":"https:\/\/marinaparquedasnacoes.pt\/en\/wp-json\/wp\/v2\/pages\/4237"}],"wp:featuredmedia":[{"embeddable":true,"href":"https:\/\/marinaparquedasnacoes.pt\/en\/wp-json\/wp\/v2\/media\/4299"}],"wp:attachment":[{"href":"https:\/\/marinaparquedasnacoes.pt\/en\/wp-json\/wp\/v2\/media?parent=4953"}],"curies":[{"name":"wp","href":"https:\/\/api.w.org\/{rel}","templated":true}]}}