{"id":4944,"date":"2021-05-27T16:18:33","date_gmt":"2021-05-27T15:18:33","guid":{"rendered":"https:\/\/mpn.streetdog.pt\/nautical-activities\/navigation-courses\/"},"modified":"2021-08-19T12:21:15","modified_gmt":"2021-08-19T11:21:15","slug":"navigation-courses","status":"publish","type":"page","link":"https:\/\/marinaparquedasnacoes.pt\/en\/nautical-activities\/navigation-courses\/","title":{"rendered":"Navigation Courses"},"content":{"rendered":"<p>During the course the student can\u00a0expect ongoing support, ensuring a solid preparation for the examination.<\/p>\n<h4>VHF operator courses are also available<\/h4>\n<p>For more information contact us at info@marinaparquedasnacoes.pt<\/p>\n","protected":false},"excerpt":{"rendered":"<p>During the course the student can\u00a0expect ongoing support, ensuring a solid preparation for the examination. VHF operator courses are also available For more information contact us at info@marinaparquedasnacoes.pt<\/p>\n","protected":false},"author":1,"featured_media":4291,"parent":4237,"menu_order":78,"comment_status":"closed","ping_status":"closed","template":"","meta":{"_acf_changed":false,"footnotes":""},"class_list":["post-4944","page","type-page","status-publish","has-post-thumbnail","hentry"],"acf":[],"yoast_head":"<!-- This site is optimized with the Yoast SEO plugin v24.8.1 - https:\/\/yoast.com\/wordpress\/plugins\/seo\/ -->\n<title>Navigation Courses - Marina Parque das Na\u00e7\u00f5es<\/title>\n<meta name=\"description\" content=\"The Navigation Courses are held at the Marina Parque das Na\u00e7\u00f5es facilities, in partnership with a navigation school accredited by DGRM\" \/>\n<meta name=\"robots\" content=\"index, follow, max-snippet:-1, max-image-preview:large, max-video-preview:-1\" \/>\n<link rel=\"canonical\" href=\"https:\/\/marinaparquedasnacoes.pt\/en\/nautical-activities\/navigation-courses\/\" \/>\n<meta property=\"og:locale\" content=\"en_US\" \/>\n<meta property=\"og:type\" content=\"article\" \/>\n<meta property=\"og:title\" content=\"Navigation Courses - Marina Parque das Na\u00e7\u00f5es\" \/>\n<meta property=\"og:description\" content=\"The Navigation Courses are held at the Marina Parque das Na\u00e7\u00f5es facilities, in partnership with a navigation school accredited by DGRM\" \/>\n<meta property=\"og:url\" content=\"https:\/\/marinaparquedasnacoes.pt\/en\/nautical-activities\/navigation-courses\/\" \/>\n<meta property=\"og:site_name\" content=\"Marina Parque das Na\u00e7\u00f5es\" \/>\n<meta property=\"article:modified_time\" content=\"2021-08-19T11:21:15+00:00\" \/>\n<meta property=\"og:image\" content=\"https:\/\/marinaparquedasnacoes.pt\/wp-content\/uploads\/2021\/04\/cursos-de-navegacao_IMGP7234.jpg\" \/>\n\t<meta property=\"og:image:width\" content=\"1600\" \/>\n\t<meta property=\"og:image:height\" content=\"676\" \/>\n\t<meta property=\"og:image:type\" content=\"image\/jpeg\" \/>\n<meta name=\"twitter:card\" content=\"summary_large_image\" \/>\n<script type=\"application\/ld+json\" class=\"yoast-schema-graph\">{\"@context\":\"https:\/\/schema.org\",\"@graph\":[{\"@type\":\"WebPage\",\"@id\":\"https:\/\/marinaparquedasnacoes.pt\/en\/nautical-activities\/navigation-courses\/\",\"url\":\"https:\/\/marinaparquedasnacoes.pt\/en\/nautical-activities\/navigation-courses\/\",\"name\":\"Navigation Courses - Marina Parque das Na\u00e7\u00f5es\",\"isPartOf\":{\"@id\":\"https:\/\/marinaparquedasnacoes.pt\/#website\"},\"primaryImageOfPage\":{\"@id\":\"https:\/\/marinaparquedasnacoes.pt\/en\/nautical-activities\/navigation-courses\/#primaryimage\"},\"image\":{\"@id\":\"https:\/\/marinaparquedasnacoes.pt\/en\/nautical-activities\/navigation-courses\/#primaryimage\"},\"thumbnailUrl\":\"https:\/\/marinaparquedasnacoes.pt\/wp-content\/uploads\/2021\/04\/cursos-de-navegacao_IMGP7234.jpg\",\"datePublished\":\"2021-05-27T15:18:33+00:00\",\"dateModified\":\"2021-08-19T11:21:15+00:00\",\"description\":\"The Navigation Courses are held at the Marina Parque das Na\u00e7\u00f5es facilities, in partnership with a navigation school accredited by DGRM\",\"breadcrumb\":{\"@id\":\"https:\/\/marinaparquedasnacoes.pt\/en\/nautical-activities\/navigation-courses\/#breadcrumb\"},\"inLanguage\":\"en-US\",\"potentialAction\":[{\"@type\":\"ReadAction\",\"target\":[\"https:\/\/marinaparquedasnacoes.pt\/en\/nautical-activities\/navigation-courses\/\"]}]},{\"@type\":\"ImageObject\",\"inLanguage\":\"en-US\",\"@id\":\"https:\/\/marinaparquedasnacoes.pt\/en\/nautical-activities\/navigation-courses\/#primaryimage\",\"url\":\"https:\/\/marinaparquedasnacoes.pt\/wp-content\/uploads\/2021\/04\/cursos-de-navegacao_IMGP7234.jpg\",\"contentUrl\":\"https:\/\/marinaparquedasnacoes.pt\/wp-content\/uploads\/2021\/04\/cursos-de-navegacao_IMGP7234.jpg\",\"width\":1600,\"height\":676,\"caption\":\"Navigation Courses\"},{\"@type\":\"BreadcrumbList\",\"@id\":\"https:\/\/marinaparquedasnacoes.pt\/en\/nautical-activities\/navigation-courses\/#breadcrumb\",\"itemListElement\":[{\"@type\":\"ListItem\",\"position\":1,\"name\":\"In\u00edcio\",\"item\":\"https:\/\/marinaparquedasnacoes.pt\/en\/\"},{\"@type\":\"ListItem\",\"position\":2,\"name\":\"Nautical Activities\",\"item\":\"https:\/\/marinaparquedasnacoes.pt\/en\/nautical-activities\/\"},{\"@type\":\"ListItem\",\"position\":3,\"name\":\"Navigation Courses\"}]},{\"@type\":\"WebSite\",\"@id\":\"https:\/\/marinaparquedasnacoes.pt\/#website\",\"url\":\"https:\/\/marinaparquedasnacoes.pt\/\",\"name\":\"Marina Parque das Na\u00e7\u00f5es\",\"description\":\"Lisboa - Portugal\",\"publisher\":{\"@id\":\"https:\/\/marinaparquedasnacoes.pt\/#organization\"},\"potentialAction\":[{\"@type\":\"SearchAction\",\"target\":{\"@type\":\"EntryPoint\",\"urlTemplate\":\"https:\/\/marinaparquedasnacoes.pt\/?s={search_term_string}\"},\"query-input\":{\"@type\":\"PropertyValueSpecification\",\"valueRequired\":true,\"valueName\":\"search_term_string\"}}],\"inLanguage\":\"en-US\"},{\"@type\":\"Organization\",\"@id\":\"https:\/\/marinaparquedasnacoes.pt\/#organization\",\"name\":\"Marina Parque das Na\u00e7\u00f5es\",\"url\":\"https:\/\/marinaparquedasnacoes.pt\/\",\"logo\":{\"@type\":\"ImageObject\",\"inLanguage\":\"en-US\",\"@id\":\"https:\/\/marinaparquedasnacoes.pt\/#\/schema\/logo\/image\/\",\"url\":\"https:\/\/marinaparquedasnacoes.pt\/wp-content\/uploads\/2021\/08\/Marina-Fundo-Amarelo-e1629364242795.jpg\",\"contentUrl\":\"https:\/\/marinaparquedasnacoes.pt\/wp-content\/uploads\/2021\/08\/Marina-Fundo-Amarelo-e1629364242795.jpg\",\"width\":500,\"height\":500,\"caption\":\"Marina Parque das Na\u00e7\u00f5es\"},\"image\":{\"@id\":\"https:\/\/marinaparquedasnacoes.pt\/#\/schema\/logo\/image\/\"}}]}<\/script>\n<!-- \/ Yoast SEO plugin. -->","yoast_head_json":{"title":"Navigation Courses - Marina Parque das Na\u00e7\u00f5es","description":"The Navigation Courses are held at the Marina Parque das Na\u00e7\u00f5es facilities, in partnership with a navigation school accredited by DGRM","robots":{"index":"index","follow":"follow","max-snippet":"max-snippet:-1","max-image-preview":"max-image-preview:large","max-video-preview":"max-video-preview:-1"},"canonical":"https:\/\/marinaparquedasnacoes.pt\/en\/nautical-activities\/navigation-courses\/","og_locale":"en_US","og_type":"article","og_title":"Navigation Courses - Marina Parque das Na\u00e7\u00f5es","og_description":"The Navigation Courses are held at the Marina Parque das Na\u00e7\u00f5es facilities, in partnership with a navigation school accredited by DGRM","og_url":"https:\/\/marinaparquedasnacoes.pt\/en\/nautical-activities\/navigation-courses\/","og_site_name":"Marina Parque das Na\u00e7\u00f5es","article_modified_time":"2021-08-19T11:21:15+00:00","og_image":[{"width":1600,"height":676,"url":"https:\/\/marinaparquedasnacoes.pt\/wp-content\/uploads\/2021\/04\/cursos-de-navegacao_IMGP7234.jpg","type":"image\/jpeg"}],"twitter_card":"summary_large_image","schema":{"@context":"https:\/\/schema.org","@graph":[{"@type":"WebPage","@id":"https:\/\/marinaparquedasnacoes.pt\/en\/nautical-activities\/navigation-courses\/","url":"https:\/\/marinaparquedasnacoes.pt\/en\/nautical-activities\/navigation-courses\/","name":"Navigation Courses - Marina Parque das Na\u00e7\u00f5es","isPartOf":{"@id":"https:\/\/marinaparquedasnacoes.pt\/#website"},"primaryImageOfPage":{"@id":"https:\/\/marinaparquedasnacoes.pt\/en\/nautical-activities\/navigation-courses\/#primaryimage"},"image":{"@id":"https:\/\/marinaparquedasnacoes.pt\/en\/nautical-activities\/navigation-courses\/#primaryimage"},"thumbnailUrl":"https:\/\/marinaparquedasnacoes.pt\/wp-content\/uploads\/2021\/04\/cursos-de-navegacao_IMGP7234.jpg","datePublished":"2021-05-27T15:18:33+00:00","dateModified":"2021-08-19T11:21:15+00:00","description":"The Navigation Courses are held at the Marina Parque das Na\u00e7\u00f5es facilities, in partnership with a navigation school accredited by DGRM","breadcrumb":{"@id":"https:\/\/marinaparquedasnacoes.pt\/en\/nautical-activities\/navigation-courses\/#breadcrumb"},"inLanguage":"en-US","potentialAction":[{"@type":"ReadAction","target":["https:\/\/marinaparquedasnacoes.pt\/en\/nautical-activities\/navigation-courses\/"]}]},{"@type":"ImageObject","inLanguage":"en-US","@id":"https:\/\/marinaparquedasnacoes.pt\/en\/nautical-activities\/navigation-courses\/#primaryimage","url":"https:\/\/marinaparquedasnacoes.pt\/wp-content\/uploads\/2021\/04\/cursos-de-navegacao_IMGP7234.jpg","contentUrl":"https:\/\/marinaparquedasnacoes.pt\/wp-content\/uploads\/2021\/04\/cursos-de-navegacao_IMGP7234.jpg","width":1600,"height":676,"caption":"Navigation Courses"},{"@type":"BreadcrumbList","@id":"https:\/\/marinaparquedasnacoes.pt\/en\/nautical-activities\/navigation-courses\/#breadcrumb","itemListElement":[{"@type":"ListItem","position":1,"name":"In\u00edcio","item":"https:\/\/marinaparquedasnacoes.pt\/en\/"},{"@type":"ListItem","position":2,"name":"Nautical Activities","item":"https:\/\/marinaparquedasnacoes.pt\/en\/nautical-activities\/"},{"@type":"ListItem","position":3,"name":"Navigation Courses"}]},{"@type":"WebSite","@id":"https:\/\/marinaparquedasnacoes.pt\/#website","url":"https:\/\/marinaparquedasnacoes.pt\/","name":"Marina Parque das Na\u00e7\u00f5es","description":"Lisboa - Portugal","publisher":{"@id":"https:\/\/marinaparquedasnacoes.pt\/#organization"},"potentialAction":[{"@type":"SearchAction","target":{"@type":"EntryPoint","urlTemplate":"https:\/\/marinaparquedasnacoes.pt\/?s={search_term_string}"},"query-input":{"@type":"PropertyValueSpecification","valueRequired":true,"valueName":"search_term_string"}}],"inLanguage":"en-US"},{"@type":"Organization","@id":"https:\/\/marinaparquedasnacoes.pt\/#organization","name":"Marina Parque das Na\u00e7\u00f5es","url":"https:\/\/marinaparquedasnacoes.pt\/","logo":{"@type":"ImageObject","inLanguage":"en-US","@id":"https:\/\/marinaparquedasnacoes.pt\/#\/schema\/logo\/image\/","url":"https:\/\/marinaparquedasnacoes.pt\/wp-content\/uploads\/2021\/08\/Marina-Fundo-Amarelo-e1629364242795.jpg","contentUrl":"https:\/\/marinaparquedasnacoes.pt\/wp-content\/uploads\/2021\/08\/Marina-Fundo-Amarelo-e1629364242795.jpg","width":500,"height":500,"caption":"Marina Parque das Na\u00e7\u00f5es"},"image":{"@id":"https:\/\/marinaparquedasnacoes.pt\/#\/schema\/logo\/image\/"}}]}},"_links":{"self":[{"href":"https:\/\/marinaparquedasnacoes.pt\/en\/wp-json\/wp\/v2\/pages\/4944","targetHints":{"allow":["GET"]}}],"collection":[{"href":"https:\/\/marinaparquedasnacoes.pt\/en\/wp-json\/wp\/v2\/pages"}],"about":[{"href":"https:\/\/marinaparquedasnacoes.pt\/en\/wp-json\/wp\/v2\/types\/page"}],"author":[{"embeddable":true,"href":"https:\/\/marinaparquedasnacoes.pt\/en\/wp-json\/wp\/v2\/users\/1"}],"replies":[{"embeddable":true,"href":"https:\/\/marinaparquedasnacoes.pt\/en\/wp-json\/wp\/v2\/comments?post=4944"}],"version-history":[{"count":1,"href":"https:\/\/marinaparquedasnacoes.pt\/en\/wp-json\/wp\/v2\/pages\/4944\/revisions"}],"predecessor-version":[{"id":6930,"href":"https:\/\/marinaparquedasnacoes.pt\/en\/wp-json\/wp\/v2\/pages\/4944\/revisions\/6930"}],"up":[{"embeddable":true,"href":"https:\/\/marinaparquedasnacoes.pt\/en\/wp-json\/wp\/v2\/pages\/4237"}],"wp:featuredmedia":[{"embeddable":true,"href":"https:\/\/marinaparquedasnacoes.pt\/en\/wp-json\/wp\/v2\/media\/4291"}],"wp:attachment":[{"href":"https:\/\/marinaparquedasnacoes.pt\/en\/wp-json\/wp\/v2\/media?parent=4944"}],"curies":[{"name":"wp","href":"https:\/\/api.w.org\/{rel}","templated":true}]}}