{"id":4941,"date":"2021-05-27T16:11:32","date_gmt":"2021-05-27T15:11:32","guid":{"rendered":"https:\/\/mpn.streetdog.pt\/nautical-activities\/schools\/sailing-for-schools\/"},"modified":"2021-05-28T12:24:19","modified_gmt":"2021-05-28T11:24:19","slug":"sailing-for-schools","status":"publish","type":"page","link":"https:\/\/marinaparquedasnacoes.pt\/en\/nautical-activities\/schools\/sailing-for-schools\/","title":{"rendered":"Sailing For Schools"},"content":{"rendered":"<h2>BRING YOUR CLASSROOM OUTDOORS<\/h2>\n<p>Your students now have the opportunity to experience a different and unique sport: Sailing.<\/p>\n<p>Sailing is a sport guided by values indispensable to the development of any young person. Principles such as: team spirit, mutual support and the pursuit of a common goal.<\/p>\n<p>Don\u2019t miss the opportunity to try this new activity that we have\u00a0tailor-made for you and your classroom and allow your students to experience a unique outdoors activity, with\u00a0nature as\u00a0the main partner.<\/p>\n<p>Enjoy the nautical sports, and enrol your students in our Sailing Activities for Schools!<\/p>\n<div class=\"frm_forms  with_frm_style frm_style_formidable-style\" id=\"frm_form_19_container\" >\n<form enctype=\"multipart\/form-data\" method=\"post\" class=\"frm-show-form  frm_js_validate  frm_ajax_submit  frm_pro_form \" id=\"form_ficha-de-inscricao-vela-canoagem-escolas\" >\n<div class=\"frm_form_fields \">\n<fieldset>\n<legend class=\"frm_screen_reader\">Enrolment Request for Sailing and Canoeing | Schools<\/legend>\r\n\r\n<div class=\"frm_fields_container\">\n<input type=\"hidden\" name=\"frm_action\" value=\"create\" \/>\n<input type=\"hidden\" name=\"form_id\" value=\"19\" \/>\n<input type=\"hidden\" name=\"frm_hide_fields_19\" id=\"frm_hide_fields_19\" value=\"\" \/>\n<input type=\"hidden\" name=\"form_key\" value=\"ficha-de-inscricao-vela-canoagem-escolas\" \/>\n<input type=\"hidden\" name=\"item_meta[0]\" value=\"\" \/>\n<input type=\"hidden\" id=\"frm_submit_entry_19\" name=\"frm_submit_entry_19\" value=\"6a5d106d40\" \/><input type=\"hidden\" name=\"_wp_http_referer\" value=\"\/en\/wp-json\/wp\/v2\/pages\/4941\" \/><div id=\"frm_field_330_container\" class=\"frm_form_field  frm_html_container form-field\">\n<h2>Enrolment Request Sailing For Schools<\/h2>\n<\/div>\n<div id=\"frm_field_403_container\" class=\"frm_form_field  frm_html_container form-field\">This request is not binding and is subject to confirmation by Marina Parque das Na\u00e7\u00f5es.<\/div>\n<div id=\"frm_field_373_container\" class=\"frm_form_field  frm_html_container form-field\">\n<h4>Participant's Details<\/h4>\n<\/div>\n<div id=\"frm_field_331_container\" class=\"frm_form_field form-field  frm_required_field frm_top_container frm_first frm_half\">\r\n    <label for=\"field_ywx5x4a94c73f6bc779813edd\" id=\"field_ywx5x4a94c73f6bc779813edd_label\" class=\"frm_primary_label\">School\r\n        <span class=\"frm_required\" aria-hidden=\"true\">*<\/span>\r\n    <\/label>\r\n    <input  type=\"text\" id=\"field_ywx5x4a94c73f6bc779813edd\" name=\"item_meta[331]\" value=\"\"  data-reqmsg=\"School cannot be blank.\" aria-required=\"true\" data-invmsg=\"Text is invalid\" aria-invalid=\"false\"   \/>\r\n    \r\n    \r\n<\/div>\n<div id=\"frm_field_523_container\" class=\"frm_form_field form-field  frm_top_container frm_half\">\r\n    <label for=\"field_dh4f5\" id=\"field_dh4f5_label\" class=\"frm_primary_label\">VAT n\u00ba\r\n        <span class=\"frm_required\" aria-hidden=\"true\"><\/span>\r\n    <\/label>\r\n    <input  type=\"text\" id=\"field_dh4f5\" name=\"item_meta[523]\" value=\"\"  data-invmsg=\"Text is invalid\" aria-invalid=\"false\"   \/>\r\n    \r\n    \r\n<\/div>\n<div id=\"frm_field_332_container\" class=\"frm_form_field form-field  frm_required_field frm_top_container\">\r\n    <label for=\"field_h5c2zd524c56d64\" id=\"field_h5c2zd524c56d64_label\" class=\"frm_primary_label\">Address\r\n        <span class=\"frm_required\" aria-hidden=\"true\">*<\/span>\r\n    <\/label>\r\n    <textarea name=\"item_meta[332]\" id=\"field_h5c2zd524c56d64\" rows=\"3\"  data-reqmsg=\"Address cannot be blank.\" aria-required=\"true\" data-invmsg=\"Address is invalid\" aria-invalid=\"false\"  ><\/textarea>\r\n    \r\n    \r\n<\/div>\n<div id=\"frm_field_333_container\" class=\"frm_form_field form-field  frm_required_field frm_top_container frm_first frm_half\">\r\n    <label for=\"field_3fbvq2c0c2b52ba\" id=\"field_3fbvq2c0c2b52ba_label\" class=\"frm_primary_label\">Zip Code\r\n        <span class=\"frm_required\" aria-hidden=\"true\">*<\/span>\r\n    <\/label>\r\n    <input  type=\"text\" id=\"field_3fbvq2c0c2b52ba\" name=\"item_meta[333]\" value=\"\"  data-reqmsg=\"Zip Code cannot be blank.\" aria-required=\"true\" data-invmsg=\"Text is invalid\" aria-invalid=\"false\"   \/>\r\n    \r\n    \r\n<\/div>\n<div id=\"frm_field_334_container\" class=\"frm_form_field form-field  frm_required_field frm_top_container frm_half\">\r\n    <label for=\"field_tonjmee881fb547\" id=\"field_tonjmee881fb547_label\" class=\"frm_primary_label\">City\r\n        <span class=\"frm_required\" aria-hidden=\"true\">*<\/span>\r\n    <\/label>\r\n    <input  type=\"text\" id=\"field_tonjmee881fb547\" name=\"item_meta[334]\" value=\"\"  data-reqmsg=\"City cannot be blank.\" aria-required=\"true\" data-invmsg=\"Text is invalid\" aria-invalid=\"false\"   \/>\r\n    \r\n    \r\n<\/div>\n<div id=\"frm_field_364_container\" class=\"frm_form_field  frm_html_container form-field\">\n<hr \/>\n<h4>Person in Charge<\/h4>\n<\/div>\n<div id=\"frm_field_339_container\" class=\"frm_form_field form-field  frm_required_field frm_top_container frm_half frm_first\">\r\n    <label for=\"field_xb1rdfd496c734\" id=\"field_xb1rdfd496c734_label\" class=\"frm_primary_label\">Telephone\r\n        <span class=\"frm_required\" aria-hidden=\"true\">*<\/span>\r\n    <\/label>\r\n    <input type=\"tel\" id=\"field_xb1rdfd496c734\" name=\"item_meta[339]\" value=\"\"  data-reqmsg=\"Telephone cannot be blank.\" aria-required=\"true\" data-invmsg=\"Phone is invalid\" aria-invalid=\"false\" pattern=\"((\\+\\d{1,3}(-|.| )?\\(?\\d\\)?(-| |.)?\\d{1,5})|(\\(?\\d{2,6}\\)?))(-|.| )?(\\d{3,4})(-|.| )?(\\d{4})(( x| ext)\\d{1,5}){0,1}$\"  \/>\r\n    \r\n    \r\n<\/div>\n<div id=\"frm_field_340_container\" class=\"frm_form_field form-field  frm_required_field frm_top_container frm_half\">\r\n    <label for=\"field_oriq630e7c7dcb\" id=\"field_oriq630e7c7dcb_label\" class=\"frm_primary_label\">Email\r\n        <span class=\"frm_required\" aria-hidden=\"true\">*<\/span>\r\n    <\/label>\r\n    <input  type=\"text\" id=\"field_oriq630e7c7dcb\" name=\"item_meta[340]\" value=\"\"  data-reqmsg=\"Email cannot be blank.\" aria-required=\"true\" data-invmsg=\"Text is invalid\" aria-invalid=\"false\"   \/>\r\n    \r\n    \r\n<\/div>\n<div id=\"frm_field_351_container\" class=\"frm_form_field  frm_html_container form-field\">\n<hr \/>\n<h4>Activity Details<\/h4>\n<\/div>\n<div id=\"frm_field_365_container\" class=\"frm_form_field form-field  frm_top_container frm_first frm_third\">\r\n    <label for=\"field_mc2wy\" id=\"field_mc2wy_label\" class=\"frm_primary_label\">Activity Date\r\n        <span class=\"frm_required\" aria-hidden=\"true\"><\/span>\r\n    <\/label>\r\n    <input type=\"text\" id=\"field_mc2wy\" name=\"item_meta[365]\" value=\"\"  maxlength=\"10\" data-invmsg=\"Date is invalid\" class=\"frm_date\" aria-invalid=\"false\"  \/>\r\n    \r\n    \r\n<\/div>\n<div id=\"frm_field_366_container\" class=\"frm_form_field form-field  frm_top_container frm_third\">\r\n    <div  id=\"field_ymrp1_label\" class=\"frm_primary_label\">Time\r\n        <span class=\"frm_required\" aria-hidden=\"true\"><\/span>\r\n    <\/div>\r\n    <select aria-labelledby=\"field_ymrp1_label\" name=\"item_meta[366]\" id=\"field_ymrp1\"  data-invmsg=\"Time is invalid\" aria-invalid=\"false\"  ><option value=\"\"  selected='selected'><\/option><option value=\"08:00\" >08:00<\/option><option value=\"08:30\" >08:30<\/option><option value=\"09:00\" >09:00<\/option><option value=\"09:30\" >09:30<\/option><option value=\"10:00\" >10:00<\/option><option value=\"10:30\" >10:30<\/option><option value=\"11:00\" >11:00<\/option><option value=\"11:30\" >11:30<\/option><option value=\"12:00\" >12:00<\/option><option value=\"12:30\" >12:30<\/option><option value=\"13:00\" >13:00<\/option><option value=\"13:30\" >13:30<\/option><option value=\"14:00\" >14:00<\/option><option value=\"14:30\" >14:30<\/option><option value=\"15:00\" >15:00<\/option><option value=\"15:30\" >15:30<\/option><option value=\"16:00\" >16:00<\/option><option value=\"16:30\" >16:30<\/option><option value=\"17:00\" >17:00<\/option><option value=\"17:30\" >17:30<\/option><\/select>\r\n    \r\n    \r\n<\/div>\n<div id=\"frm_field_367_container\" class=\"frm_form_field form-field  frm_top_container frm_third\">\r\n    <label for=\"field_cfc4d\" id=\"field_cfc4d_label\" class=\"frm_primary_label\">N\u00ba de Pax\r\n        <span class=\"frm_required\" aria-hidden=\"true\"><\/span>\r\n    <\/label>\r\n    <input type=\"number\" id=\"field_cfc4d\" name=\"item_meta[367]\" value=\"\" data-invmsg=\"Number is invalid\" aria-invalid=\"false\"   min=\"0\" max=\"9999999\" step=\"any\" \/>\r\n    \r\n    \r\n<\/div>\n<div id=\"frm_field_359_container\" class=\"frm_form_field form-field  frm_top_container\">\r\n    <label for=\"field_ck05t6d75ee95ba\" id=\"field_ck05t6d75ee95ba_label\" class=\"frm_primary_label\">Observations\r\n        <span class=\"frm_required\" aria-hidden=\"true\"><\/span>\r\n    <\/label>\r\n    <textarea name=\"item_meta[359]\" id=\"field_ck05t6d75ee95ba\" rows=\"5\"  data-invmsg=\"Observations is invalid\" aria-invalid=\"false\"  ><\/textarea>\r\n    \r\n    \r\n<\/div>\n<div id=\"frm_field_360_container\" class=\"frm_form_field form-field  frm_required_field frm_none_container vertical_radio\">\r\n    <div  id=\"field_u38io75a9153f30_label\" class=\"frm_primary_label\">Responsability\r\n        <span class=\"frm_required\" aria-hidden=\"true\">*<\/span>\r\n    <\/div>\r\n    <div class=\"frm_opt_container\" aria-labelledby=\"field_u38io75a9153f30_label\" role=\"group\">\t\t<div class=\"frm_checkbox\" id=\"frm_checkbox_360-0\">\t\t\t<label  for=\"field_u38io75a9153f30-0\">\n\t\t\t<input type=\"checkbox\" name=\"item_meta[360][]\" id=\"field_u38io75a9153f30-0\" value=\"Certifico que todos os participantes nesta atividade assinaram o Termo de Responsabilidade devido e que n\u00e3o t\u00eam quaisquer contra indica\u00e7\u00f5es para a pr\u00e1tica de Atividades F\u00edsicas, em conformidade com o n\u00famero 2 do artigo 40\u00ba, da Lei de Bases da Atividade F\u00edsica e do Desporto, aprovada pelo Decreto-lei n\u00ba 5\/2007, de 16 de Janeiro, e que no caso de serem menores, est\u00e3o autorizadas para participarem nas mesmas pelos Encarregados de Educa\u00e7\u00e3o. *\"  data-reqmsg=\"Responsability cannot be blank.\" data-invmsg=\"Responsability is invalid\" aria-invalid=\"false\"   aria-required=\"true\"  \/> I certify that all participants in this activity have signed the Term of Responsibility due and that they have no contraindications for the practice of Physical Activities, in accordance with paragraph 2 of article 40, of the Basic Law of Physical Activity and Sport, approved by the Decree-Law No. 5\/2007, of 16 January, and that in case they are minors, they are authorized to participate in the activities by their Legal Guardian. *<\/label><\/div>\n<\/div>\r\n    \r\n    \r\n<\/div>\n<div id=\"frm_field_361_container\" class=\"frm_form_field form-field  frm_none_container vertical_radio\">\r\n    <div  id=\"field_dpqita0bb22eb6f_label\" class=\"frm_primary_label\">Permission to use personal images\r\n        <span class=\"frm_required\" aria-hidden=\"true\"><\/span>\r\n    <\/div>\r\n    <div class=\"frm_opt_container\" aria-labelledby=\"field_dpqita0bb22eb6f_label\" role=\"group\">\t\t<div class=\"frm_checkbox\" id=\"frm_checkbox_361-0\">\t\t\t<label  for=\"field_dpqita0bb22eb6f-0\">\n\t\t\t<input type=\"checkbox\" name=\"item_meta[361][]\" id=\"field_dpqita0bb22eb6f-0\" value=\"Para fins de promo\u00e7\u00e3o e divulga\u00e7\u00e3o da Marina Parque das Na\u00e7\u00f5es, autorizo a capta\u00e7\u00e3o de imagens pessoais durante as atividades\"  data-invmsg=\"Permission to use personal images is invalid\" aria-invalid=\"false\"   \/> For the purposes of promoting and marketing Marina Parque das Na\u00e7\u00f5es, I authorize the capture of personal images during the activities<\/label><\/div>\n<\/div>\r\n    \r\n    \r\n<\/div>\n<div id=\"frm_field_362_container\" class=\"frm_form_field form-field  frm_required_field frm_top_container vertical_radio\">\r\n    <div  id=\"field_h4mur09e27b4f74c2eec97a5f_label\" class=\"frm_primary_label\">\r\n        <span class=\"frm_required\" aria-hidden=\"true\"><\/span>\r\n    <\/div>\r\n    <div class=\"frm_opt_container\" aria-labelledby=\"field_h4mur09e27b4f74c2eec97a5f_label\" role=\"group\">\t\t<div class=\"frm_checkbox\" id=\"frm_checkbox_362-0\">\t\t\t<label  for=\"field_h4mur09e27b4f74c2eec97a5f-0\">\n\t\t\t<input type=\"checkbox\" name=\"item_meta[362][]\" id=\"field_h4mur09e27b4f74c2eec97a5f-0\" value=\"Confirmo que li a &lt;a href=&quot;#politica-privacidade&quot;&gt;Pol\u00edtica de Privacidade&lt;\/a&gt; e os termos do &lt;a href=&quot;#dados-pessoais&quot;&gt;Tratamento de Dados Pessoais&lt;\/a&gt; e aceito que os dados pessoais recolhidos ser\u00e3o tratados para os efeitos exclusivos desta inscri\u00e7\u00e3o *\"  data-reqmsg=\"This field cannot be blank.\" data-invmsg=\"This field is invalid\" aria-invalid=\"false\"   aria-required=\"true\"  \/> I confirm that I have read the <a href=\"#privacy-policy\">Privacy Policy<\/a> and the terms of the <a href=\"#treatment-of-personal-data\">Treatment of Personal Data<\/a> and accept that the Personal Data collected will be treated solely and exclusively for purposes of this application *<\/label><\/div>\n<\/div>\r\n    \r\n    \r\n<\/div>\n<div id=\"frm_field_363_container\" class=\"frm_form_field form-field  frm_top_container vertical_radio\">\r\n    <div  id=\"field_htfhf7515f0f86164b274d3cc_label\" class=\"frm_primary_label\">\r\n        <span class=\"frm_required\" aria-hidden=\"true\"><\/span>\r\n    <\/div>\r\n    <div class=\"frm_opt_container\" aria-labelledby=\"field_htfhf7515f0f86164b274d3cc_label\" role=\"group\">\t\t<div class=\"frm_checkbox\" id=\"frm_checkbox_363-0\">\t\t\t<label  for=\"field_htfhf7515f0f86164b274d3cc-0\">\n\t\t\t<input type=\"checkbox\" name=\"item_meta[363][]\" id=\"field_htfhf7515f0f86164b274d3cc-0\" value=\"Consinto expressamente o envio de comunica\u00e7\u00f5es informativas e de marketing relevantes para o efeito da presta\u00e7\u00e3o dos servi\u00e7os da MPN, sendo do meu conhecimento que posso retirar o meu consentimento a qualquer momento\"  data-invmsg=\"This field is invalid\" aria-invalid=\"false\"   \/> I expressly consent to receive relevant information and marketing communications regarding MPN services, being aware that I may withdraw my consent at any time<\/label><\/div>\n<\/div>\r\n    \r\n    \r\n<\/div>\n<input type=\"hidden\" name=\"item_meta[619]\" id=\"field_pqxst\" value=\"Sailing For Schools\t\"  data-frmval=\"Sailing For Schools\t\"   \/>\n\t<input type=\"hidden\" name=\"item_key\" value=\"\" \/>\n\t\t\t\t<div class=\"frm__65bbe1216263b\">\n\t\t\t\t<label for=\"frm_email_19\" >\n\t\t\t\t\tIf you are human, leave this field blank.\t\t\t\t<\/label>\n\t\t\t\t<input  id=\"frm_email_19\" type=\"text\" class=\"frm_verify\" name=\"frm__65bbe1216263b\" value=\"\" autocomplete=\"off\"  \/>\n\t\t\t<\/div>\n\t\t<input name=\"frm_state\" type=\"hidden\" value=\"8IBmwqKUx5Fx22kqBnWGFTd+Z5NYa7QuaWrJ6xeo2uE=\" \/><div class=\"frm_submit\">\r\n\r\n<button class=\"frm_button_submit frm_final_submit\" type=\"submit\"  >Send<\/button>\r\n\r\n<\/div><\/div>\n<\/fieldset>\n<\/div>\n\n<\/form>\n<\/div>\n\n","protected":false},"excerpt":{"rendered":"<p>BRING YOUR CLASSROOM OUTDOORS Your students now have the opportunity to experience a different and unique sport: Sailing. Sailing is a sport guided by values indispensable to the development of any young person. Principles such as: team spirit, mutual support and the pursuit of a common goal. Don\u2019t miss the opportunity to try this new [&hellip;]<\/p>\n","protected":false},"author":1,"featured_media":4289,"parent":4263,"menu_order":71,"comment_status":"closed","ping_status":"closed","template":"","meta":{"_acf_changed":false,"footnotes":""},"class_list":["post-4941","page","type-page","status-publish","has-post-thumbnail","hentry"],"acf":[],"yoast_head":"<!-- This site is optimized with the Yoast SEO plugin v24.8.1 - https:\/\/yoast.com\/wordpress\/plugins\/seo\/ -->\n<title>Sailing For Schools - Marina Parque das Na\u00e7\u00f5es<\/title>\n<meta name=\"robots\" content=\"index, follow, max-snippet:-1, max-image-preview:large, max-video-preview:-1\" \/>\n<link rel=\"canonical\" href=\"https:\/\/marinaparquedasnacoes.pt\/en\/nautical-activities\/schools\/sailing-for-schools\/\" \/>\n<meta property=\"og:locale\" content=\"en_US\" \/>\n<meta property=\"og:type\" content=\"article\" \/>\n<meta property=\"og:title\" content=\"Sailing For Schools - Marina Parque das Na\u00e7\u00f5es\" \/>\n<meta property=\"og:description\" content=\"BRING YOUR CLASSROOM OUTDOORS Your students now have the opportunity to experience a different and unique sport: Sailing. Sailing is a sport guided by values indispensable to the development of any young person. Principles such as: team spirit, mutual support and the pursuit of a common goal. Don\u2019t miss the opportunity to try this new [&hellip;]\" \/>\n<meta property=\"og:url\" content=\"https:\/\/marinaparquedasnacoes.pt\/en\/nautical-activities\/schools\/sailing-for-schools\/\" \/>\n<meta property=\"og:site_name\" content=\"Marina Parque das Na\u00e7\u00f5es\" \/>\n<meta property=\"article:modified_time\" content=\"2021-05-28T11:24:19+00:00\" \/>\n<meta property=\"og:image\" content=\"https:\/\/marinaparquedasnacoes.pt\/wp-content\/uploads\/2021\/04\/vela.jpg\" \/>\n\t<meta property=\"og:image:width\" content=\"1600\" \/>\n\t<meta property=\"og:image:height\" content=\"680\" \/>\n\t<meta property=\"og:image:type\" content=\"image\/jpeg\" \/>\n<meta name=\"twitter:card\" content=\"summary_large_image\" \/>\n<script type=\"application\/ld+json\" class=\"yoast-schema-graph\">{\"@context\":\"https:\/\/schema.org\",\"@graph\":[{\"@type\":\"WebPage\",\"@id\":\"https:\/\/marinaparquedasnacoes.pt\/en\/nautical-activities\/schools\/sailing-for-schools\/\",\"url\":\"https:\/\/marinaparquedasnacoes.pt\/en\/nautical-activities\/schools\/sailing-for-schools\/\",\"name\":\"Sailing For Schools - Marina Parque das Na\u00e7\u00f5es\",\"isPartOf\":{\"@id\":\"https:\/\/marinaparquedasnacoes.pt\/#website\"},\"primaryImageOfPage\":{\"@id\":\"https:\/\/marinaparquedasnacoes.pt\/en\/nautical-activities\/schools\/sailing-for-schools\/#primaryimage\"},\"image\":{\"@id\":\"https:\/\/marinaparquedasnacoes.pt\/en\/nautical-activities\/schools\/sailing-for-schools\/#primaryimage\"},\"thumbnailUrl\":\"https:\/\/marinaparquedasnacoes.pt\/wp-content\/uploads\/2021\/04\/vela.jpg\",\"datePublished\":\"2021-05-27T15:11:32+00:00\",\"dateModified\":\"2021-05-28T11:24:19+00:00\",\"breadcrumb\":{\"@id\":\"https:\/\/marinaparquedasnacoes.pt\/en\/nautical-activities\/schools\/sailing-for-schools\/#breadcrumb\"},\"inLanguage\":\"en-US\",\"potentialAction\":[{\"@type\":\"ReadAction\",\"target\":[\"https:\/\/marinaparquedasnacoes.pt\/en\/nautical-activities\/schools\/sailing-for-schools\/\"]}]},{\"@type\":\"ImageObject\",\"inLanguage\":\"en-US\",\"@id\":\"https:\/\/marinaparquedasnacoes.pt\/en\/nautical-activities\/schools\/sailing-for-schools\/#primaryimage\",\"url\":\"https:\/\/marinaparquedasnacoes.pt\/wp-content\/uploads\/2021\/04\/vela.jpg\",\"contentUrl\":\"https:\/\/marinaparquedasnacoes.pt\/wp-content\/uploads\/2021\/04\/vela.jpg\",\"width\":1600,\"height\":680},{\"@type\":\"BreadcrumbList\",\"@id\":\"https:\/\/marinaparquedasnacoes.pt\/en\/nautical-activities\/schools\/sailing-for-schools\/#breadcrumb\",\"itemListElement\":[{\"@type\":\"ListItem\",\"position\":1,\"name\":\"In\u00edcio\",\"item\":\"https:\/\/marinaparquedasnacoes.pt\/en\/\"},{\"@type\":\"ListItem\",\"position\":2,\"name\":\"Nautical Activities\",\"item\":\"https:\/\/marinaparquedasnacoes.pt\/en\/nautical-activities\/\"},{\"@type\":\"ListItem\",\"position\":3,\"name\":\"Schools\",\"item\":\"https:\/\/marinaparquedasnacoes.pt\/en\/nautical-activities\/schools\/\"},{\"@type\":\"ListItem\",\"position\":4,\"name\":\"Sailing For Schools\"}]},{\"@type\":\"WebSite\",\"@id\":\"https:\/\/marinaparquedasnacoes.pt\/#website\",\"url\":\"https:\/\/marinaparquedasnacoes.pt\/\",\"name\":\"Marina Parque das Na\u00e7\u00f5es\",\"description\":\"Lisboa - Portugal\",\"publisher\":{\"@id\":\"https:\/\/marinaparquedasnacoes.pt\/#organization\"},\"potentialAction\":[{\"@type\":\"SearchAction\",\"target\":{\"@type\":\"EntryPoint\",\"urlTemplate\":\"https:\/\/marinaparquedasnacoes.pt\/?s={search_term_string}\"},\"query-input\":{\"@type\":\"PropertyValueSpecification\",\"valueRequired\":true,\"valueName\":\"search_term_string\"}}],\"inLanguage\":\"en-US\"},{\"@type\":\"Organization\",\"@id\":\"https:\/\/marinaparquedasnacoes.pt\/#organization\",\"name\":\"Marina Parque das Na\u00e7\u00f5es\",\"url\":\"https:\/\/marinaparquedasnacoes.pt\/\",\"logo\":{\"@type\":\"ImageObject\",\"inLanguage\":\"en-US\",\"@id\":\"https:\/\/marinaparquedasnacoes.pt\/#\/schema\/logo\/image\/\",\"url\":\"https:\/\/marinaparquedasnacoes.pt\/wp-content\/uploads\/2021\/08\/Marina-Fundo-Amarelo-e1629364242795.jpg\",\"contentUrl\":\"https:\/\/marinaparquedasnacoes.pt\/wp-content\/uploads\/2021\/08\/Marina-Fundo-Amarelo-e1629364242795.jpg\",\"width\":500,\"height\":500,\"caption\":\"Marina Parque das Na\u00e7\u00f5es\"},\"image\":{\"@id\":\"https:\/\/marinaparquedasnacoes.pt\/#\/schema\/logo\/image\/\"}}]}<\/script>\n<!-- \/ Yoast SEO plugin. -->","yoast_head_json":{"title":"Sailing For Schools - Marina Parque das Na\u00e7\u00f5es","robots":{"index":"index","follow":"follow","max-snippet":"max-snippet:-1","max-image-preview":"max-image-preview:large","max-video-preview":"max-video-preview:-1"},"canonical":"https:\/\/marinaparquedasnacoes.pt\/en\/nautical-activities\/schools\/sailing-for-schools\/","og_locale":"en_US","og_type":"article","og_title":"Sailing For Schools - Marina Parque das Na\u00e7\u00f5es","og_description":"BRING YOUR CLASSROOM OUTDOORS Your students now have the opportunity to experience a different and unique sport: Sailing. Sailing is a sport guided by values indispensable to the development of any young person. Principles such as: team spirit, mutual support and the pursuit of a common goal. Don\u2019t miss the opportunity to try this new [&hellip;]","og_url":"https:\/\/marinaparquedasnacoes.pt\/en\/nautical-activities\/schools\/sailing-for-schools\/","og_site_name":"Marina Parque das Na\u00e7\u00f5es","article_modified_time":"2021-05-28T11:24:19+00:00","og_image":[{"width":1600,"height":680,"url":"https:\/\/marinaparquedasnacoes.pt\/wp-content\/uploads\/2021\/04\/vela.jpg","type":"image\/jpeg"}],"twitter_card":"summary_large_image","schema":{"@context":"https:\/\/schema.org","@graph":[{"@type":"WebPage","@id":"https:\/\/marinaparquedasnacoes.pt\/en\/nautical-activities\/schools\/sailing-for-schools\/","url":"https:\/\/marinaparquedasnacoes.pt\/en\/nautical-activities\/schools\/sailing-for-schools\/","name":"Sailing For Schools - Marina Parque das Na\u00e7\u00f5es","isPartOf":{"@id":"https:\/\/marinaparquedasnacoes.pt\/#website"},"primaryImageOfPage":{"@id":"https:\/\/marinaparquedasnacoes.pt\/en\/nautical-activities\/schools\/sailing-for-schools\/#primaryimage"},"image":{"@id":"https:\/\/marinaparquedasnacoes.pt\/en\/nautical-activities\/schools\/sailing-for-schools\/#primaryimage"},"thumbnailUrl":"https:\/\/marinaparquedasnacoes.pt\/wp-content\/uploads\/2021\/04\/vela.jpg","datePublished":"2021-05-27T15:11:32+00:00","dateModified":"2021-05-28T11:24:19+00:00","breadcrumb":{"@id":"https:\/\/marinaparquedasnacoes.pt\/en\/nautical-activities\/schools\/sailing-for-schools\/#breadcrumb"},"inLanguage":"en-US","potentialAction":[{"@type":"ReadAction","target":["https:\/\/marinaparquedasnacoes.pt\/en\/nautical-activities\/schools\/sailing-for-schools\/"]}]},{"@type":"ImageObject","inLanguage":"en-US","@id":"https:\/\/marinaparquedasnacoes.pt\/en\/nautical-activities\/schools\/sailing-for-schools\/#primaryimage","url":"https:\/\/marinaparquedasnacoes.pt\/wp-content\/uploads\/2021\/04\/vela.jpg","contentUrl":"https:\/\/marinaparquedasnacoes.pt\/wp-content\/uploads\/2021\/04\/vela.jpg","width":1600,"height":680},{"@type":"BreadcrumbList","@id":"https:\/\/marinaparquedasnacoes.pt\/en\/nautical-activities\/schools\/sailing-for-schools\/#breadcrumb","itemListElement":[{"@type":"ListItem","position":1,"name":"In\u00edcio","item":"https:\/\/marinaparquedasnacoes.pt\/en\/"},{"@type":"ListItem","position":2,"name":"Nautical Activities","item":"https:\/\/marinaparquedasnacoes.pt\/en\/nautical-activities\/"},{"@type":"ListItem","position":3,"name":"Schools","item":"https:\/\/marinaparquedasnacoes.pt\/en\/nautical-activities\/schools\/"},{"@type":"ListItem","position":4,"name":"Sailing For Schools"}]},{"@type":"WebSite","@id":"https:\/\/marinaparquedasnacoes.pt\/#website","url":"https:\/\/marinaparquedasnacoes.pt\/","name":"Marina Parque das Na\u00e7\u00f5es","description":"Lisboa - Portugal","publisher":{"@id":"https:\/\/marinaparquedasnacoes.pt\/#organization"},"potentialAction":[{"@type":"SearchAction","target":{"@type":"EntryPoint","urlTemplate":"https:\/\/marinaparquedasnacoes.pt\/?s={search_term_string}"},"query-input":{"@type":"PropertyValueSpecification","valueRequired":true,"valueName":"search_term_string"}}],"inLanguage":"en-US"},{"@type":"Organization","@id":"https:\/\/marinaparquedasnacoes.pt\/#organization","name":"Marina Parque das Na\u00e7\u00f5es","url":"https:\/\/marinaparquedasnacoes.pt\/","logo":{"@type":"ImageObject","inLanguage":"en-US","@id":"https:\/\/marinaparquedasnacoes.pt\/#\/schema\/logo\/image\/","url":"https:\/\/marinaparquedasnacoes.pt\/wp-content\/uploads\/2021\/08\/Marina-Fundo-Amarelo-e1629364242795.jpg","contentUrl":"https:\/\/marinaparquedasnacoes.pt\/wp-content\/uploads\/2021\/08\/Marina-Fundo-Amarelo-e1629364242795.jpg","width":500,"height":500,"caption":"Marina Parque das Na\u00e7\u00f5es"},"image":{"@id":"https:\/\/marinaparquedasnacoes.pt\/#\/schema\/logo\/image\/"}}]}},"_links":{"self":[{"href":"https:\/\/marinaparquedasnacoes.pt\/en\/wp-json\/wp\/v2\/pages\/4941","targetHints":{"allow":["GET"]}}],"collection":[{"href":"https:\/\/marinaparquedasnacoes.pt\/en\/wp-json\/wp\/v2\/pages"}],"about":[{"href":"https:\/\/marinaparquedasnacoes.pt\/en\/wp-json\/wp\/v2\/types\/page"}],"author":[{"embeddable":true,"href":"https:\/\/marinaparquedasnacoes.pt\/en\/wp-json\/wp\/v2\/users\/1"}],"replies":[{"embeddable":true,"href":"https:\/\/marinaparquedasnacoes.pt\/en\/wp-json\/wp\/v2\/comments?post=4941"}],"version-history":[{"count":0,"href":"https:\/\/marinaparquedasnacoes.pt\/en\/wp-json\/wp\/v2\/pages\/4941\/revisions"}],"up":[{"embeddable":true,"href":"https:\/\/marinaparquedasnacoes.pt\/en\/wp-json\/wp\/v2\/pages\/4263"}],"wp:featuredmedia":[{"embeddable":true,"href":"https:\/\/marinaparquedasnacoes.pt\/en\/wp-json\/wp\/v2\/media\/4289"}],"wp:attachment":[{"href":"https:\/\/marinaparquedasnacoes.pt\/en\/wp-json\/wp\/v2\/media?parent=4941"}],"curies":[{"name":"wp","href":"https:\/\/api.w.org\/{rel}","templated":true}]}}