{"id":4255,"date":"2021-05-27T15:41:37","date_gmt":"2021-05-27T14:41:37","guid":{"rendered":"https:\/\/mpn.streetdog.pt\/nautical-activities\/canoeing-or-kayaking\/"},"modified":"2021-05-28T12:23:08","modified_gmt":"2021-05-28T11:23:08","slug":"canoeing-or-kayaking","status":"publish","type":"page","link":"https:\/\/marinaparquedasnacoes.pt\/en\/nautical-activities\/canoeing-or-kayaking\/","title":{"rendered":"Canoeing"},"content":{"rendered":"<h2>CANOEING OR KAYAKING?<\/h2>\n<p>Marina Parque das Na\u00e7\u00f5es offers various kayaking programs, to suit your needs. Now it\u2019s easy to enjoy your favorite activity according to your expectations and knowledge. Enjoy kayaking, 365 days a year, in our Nautical Center or on Tagus River, either in groups or individually.<\/p>\n","protected":false},"excerpt":{"rendered":"<p>CANOEING OR KAYAKING? Marina Parque das Na\u00e7\u00f5es offers various kayaking programs, to suit your needs. Now it\u2019s easy to enjoy your favorite activity according to your expectations and knowledge. Enjoy kayaking, 365 days a year, in our Nautical Center or on Tagus River, either in groups or individually.<\/p>\n","protected":false},"author":1,"featured_media":4256,"parent":4237,"menu_order":59,"comment_status":"closed","ping_status":"closed","template":"","meta":{"_acf_changed":false,"footnotes":""},"class_list":["post-4255","page","type-page","status-publish","has-post-thumbnail","hentry"],"acf":[],"yoast_head":"<!-- This site is optimized with the Yoast SEO plugin v24.8.1 - https:\/\/yoast.com\/wordpress\/plugins\/seo\/ -->\n<title>Canoeing - Marina Parque das Na\u00e7\u00f5es<\/title>\n<meta name=\"robots\" content=\"index, follow, max-snippet:-1, max-image-preview:large, max-video-preview:-1\" \/>\n<link rel=\"canonical\" href=\"https:\/\/marinaparquedasnacoes.pt\/en\/nautical-activities\/canoeing-or-kayaking\/\" \/>\n<meta property=\"og:locale\" content=\"en_US\" \/>\n<meta property=\"og:type\" content=\"article\" \/>\n<meta property=\"og:title\" content=\"Canoeing - Marina Parque das Na\u00e7\u00f5es\" \/>\n<meta property=\"og:description\" content=\"CANOEING OR KAYAKING? Marina Parque das Na\u00e7\u00f5es offers various kayaking programs, to suit your needs. Now it\u2019s easy to enjoy your favorite activity according to your expectations and knowledge. Enjoy kayaking, 365 days a year, in our Nautical Center or on Tagus River, either in groups or individually.\" \/>\n<meta property=\"og:url\" content=\"https:\/\/marinaparquedasnacoes.pt\/en\/nautical-activities\/canoeing-or-kayaking\/\" \/>\n<meta property=\"og:site_name\" content=\"Marina Parque das Na\u00e7\u00f5es\" \/>\n<meta property=\"article:modified_time\" content=\"2021-05-28T11:23:08+00:00\" \/>\n<meta property=\"og:image\" content=\"https:\/\/marinaparquedasnacoes.pt\/wp-content\/uploads\/2021\/04\/canoagem_IMG_1374.jpg\" \/>\n\t<meta property=\"og:image:width\" content=\"1600\" \/>\n\t<meta property=\"og:image:height\" content=\"680\" \/>\n\t<meta property=\"og:image:type\" content=\"image\/jpeg\" \/>\n<meta name=\"twitter:card\" content=\"summary_large_image\" \/>\n<script type=\"application\/ld+json\" class=\"yoast-schema-graph\">{\"@context\":\"https:\/\/schema.org\",\"@graph\":[{\"@type\":\"WebPage\",\"@id\":\"https:\/\/marinaparquedasnacoes.pt\/en\/nautical-activities\/canoeing-or-kayaking\/\",\"url\":\"https:\/\/marinaparquedasnacoes.pt\/en\/nautical-activities\/canoeing-or-kayaking\/\",\"name\":\"Canoeing - Marina Parque das Na\u00e7\u00f5es\",\"isPartOf\":{\"@id\":\"https:\/\/marinaparquedasnacoes.pt\/#website\"},\"primaryImageOfPage\":{\"@id\":\"https:\/\/marinaparquedasnacoes.pt\/en\/nautical-activities\/canoeing-or-kayaking\/#primaryimage\"},\"image\":{\"@id\":\"https:\/\/marinaparquedasnacoes.pt\/en\/nautical-activities\/canoeing-or-kayaking\/#primaryimage\"},\"thumbnailUrl\":\"https:\/\/marinaparquedasnacoes.pt\/wp-content\/uploads\/2021\/04\/canoagem_IMG_1374.jpg\",\"datePublished\":\"2021-05-27T14:41:37+00:00\",\"dateModified\":\"2021-05-28T11:23:08+00:00\",\"breadcrumb\":{\"@id\":\"https:\/\/marinaparquedasnacoes.pt\/en\/nautical-activities\/canoeing-or-kayaking\/#breadcrumb\"},\"inLanguage\":\"en-US\",\"potentialAction\":[{\"@type\":\"ReadAction\",\"target\":[\"https:\/\/marinaparquedasnacoes.pt\/en\/nautical-activities\/canoeing-or-kayaking\/\"]}]},{\"@type\":\"ImageObject\",\"inLanguage\":\"en-US\",\"@id\":\"https:\/\/marinaparquedasnacoes.pt\/en\/nautical-activities\/canoeing-or-kayaking\/#primaryimage\",\"url\":\"https:\/\/marinaparquedasnacoes.pt\/wp-content\/uploads\/2021\/04\/canoagem_IMG_1374.jpg\",\"contentUrl\":\"https:\/\/marinaparquedasnacoes.pt\/wp-content\/uploads\/2021\/04\/canoagem_IMG_1374.jpg\",\"width\":1600,\"height\":680,\"caption\":\"canoeing or kayaking\"},{\"@type\":\"BreadcrumbList\",\"@id\":\"https:\/\/marinaparquedasnacoes.pt\/en\/nautical-activities\/canoeing-or-kayaking\/#breadcrumb\",\"itemListElement\":[{\"@type\":\"ListItem\",\"position\":1,\"name\":\"In\u00edcio\",\"item\":\"https:\/\/marinaparquedasnacoes.pt\/en\/\"},{\"@type\":\"ListItem\",\"position\":2,\"name\":\"Nautical Activities\",\"item\":\"https:\/\/marinaparquedasnacoes.pt\/en\/nautical-activities\/\"},{\"@type\":\"ListItem\",\"position\":3,\"name\":\"Canoeing\"}]},{\"@type\":\"WebSite\",\"@id\":\"https:\/\/marinaparquedasnacoes.pt\/#website\",\"url\":\"https:\/\/marinaparquedasnacoes.pt\/\",\"name\":\"Marina Parque das Na\u00e7\u00f5es\",\"description\":\"Lisboa - Portugal\",\"publisher\":{\"@id\":\"https:\/\/marinaparquedasnacoes.pt\/#organization\"},\"potentialAction\":[{\"@type\":\"SearchAction\",\"target\":{\"@type\":\"EntryPoint\",\"urlTemplate\":\"https:\/\/marinaparquedasnacoes.pt\/?s={search_term_string}\"},\"query-input\":{\"@type\":\"PropertyValueSpecification\",\"valueRequired\":true,\"valueName\":\"search_term_string\"}}],\"inLanguage\":\"en-US\"},{\"@type\":\"Organization\",\"@id\":\"https:\/\/marinaparquedasnacoes.pt\/#organization\",\"name\":\"Marina Parque das Na\u00e7\u00f5es\",\"url\":\"https:\/\/marinaparquedasnacoes.pt\/\",\"logo\":{\"@type\":\"ImageObject\",\"inLanguage\":\"en-US\",\"@id\":\"https:\/\/marinaparquedasnacoes.pt\/#\/schema\/logo\/image\/\",\"url\":\"https:\/\/marinaparquedasnacoes.pt\/wp-content\/uploads\/2021\/08\/Marina-Fundo-Amarelo-e1629364242795.jpg\",\"contentUrl\":\"https:\/\/marinaparquedasnacoes.pt\/wp-content\/uploads\/2021\/08\/Marina-Fundo-Amarelo-e1629364242795.jpg\",\"width\":500,\"height\":500,\"caption\":\"Marina Parque das Na\u00e7\u00f5es\"},\"image\":{\"@id\":\"https:\/\/marinaparquedasnacoes.pt\/#\/schema\/logo\/image\/\"}}]}<\/script>\n<!-- \/ Yoast SEO plugin. -->","yoast_head_json":{"title":"Canoeing - Marina Parque das Na\u00e7\u00f5es","robots":{"index":"index","follow":"follow","max-snippet":"max-snippet:-1","max-image-preview":"max-image-preview:large","max-video-preview":"max-video-preview:-1"},"canonical":"https:\/\/marinaparquedasnacoes.pt\/en\/nautical-activities\/canoeing-or-kayaking\/","og_locale":"en_US","og_type":"article","og_title":"Canoeing - Marina Parque das Na\u00e7\u00f5es","og_description":"CANOEING OR KAYAKING? Marina Parque das Na\u00e7\u00f5es offers various kayaking programs, to suit your needs. Now it\u2019s easy to enjoy your favorite activity according to your expectations and knowledge. Enjoy kayaking, 365 days a year, in our Nautical Center or on Tagus River, either in groups or individually.","og_url":"https:\/\/marinaparquedasnacoes.pt\/en\/nautical-activities\/canoeing-or-kayaking\/","og_site_name":"Marina Parque das Na\u00e7\u00f5es","article_modified_time":"2021-05-28T11:23:08+00:00","og_image":[{"width":1600,"height":680,"url":"https:\/\/marinaparquedasnacoes.pt\/wp-content\/uploads\/2021\/04\/canoagem_IMG_1374.jpg","type":"image\/jpeg"}],"twitter_card":"summary_large_image","schema":{"@context":"https:\/\/schema.org","@graph":[{"@type":"WebPage","@id":"https:\/\/marinaparquedasnacoes.pt\/en\/nautical-activities\/canoeing-or-kayaking\/","url":"https:\/\/marinaparquedasnacoes.pt\/en\/nautical-activities\/canoeing-or-kayaking\/","name":"Canoeing - Marina Parque das Na\u00e7\u00f5es","isPartOf":{"@id":"https:\/\/marinaparquedasnacoes.pt\/#website"},"primaryImageOfPage":{"@id":"https:\/\/marinaparquedasnacoes.pt\/en\/nautical-activities\/canoeing-or-kayaking\/#primaryimage"},"image":{"@id":"https:\/\/marinaparquedasnacoes.pt\/en\/nautical-activities\/canoeing-or-kayaking\/#primaryimage"},"thumbnailUrl":"https:\/\/marinaparquedasnacoes.pt\/wp-content\/uploads\/2021\/04\/canoagem_IMG_1374.jpg","datePublished":"2021-05-27T14:41:37+00:00","dateModified":"2021-05-28T11:23:08+00:00","breadcrumb":{"@id":"https:\/\/marinaparquedasnacoes.pt\/en\/nautical-activities\/canoeing-or-kayaking\/#breadcrumb"},"inLanguage":"en-US","potentialAction":[{"@type":"ReadAction","target":["https:\/\/marinaparquedasnacoes.pt\/en\/nautical-activities\/canoeing-or-kayaking\/"]}]},{"@type":"ImageObject","inLanguage":"en-US","@id":"https:\/\/marinaparquedasnacoes.pt\/en\/nautical-activities\/canoeing-or-kayaking\/#primaryimage","url":"https:\/\/marinaparquedasnacoes.pt\/wp-content\/uploads\/2021\/04\/canoagem_IMG_1374.jpg","contentUrl":"https:\/\/marinaparquedasnacoes.pt\/wp-content\/uploads\/2021\/04\/canoagem_IMG_1374.jpg","width":1600,"height":680,"caption":"canoeing or kayaking"},{"@type":"BreadcrumbList","@id":"https:\/\/marinaparquedasnacoes.pt\/en\/nautical-activities\/canoeing-or-kayaking\/#breadcrumb","itemListElement":[{"@type":"ListItem","position":1,"name":"In\u00edcio","item":"https:\/\/marinaparquedasnacoes.pt\/en\/"},{"@type":"ListItem","position":2,"name":"Nautical Activities","item":"https:\/\/marinaparquedasnacoes.pt\/en\/nautical-activities\/"},{"@type":"ListItem","position":3,"name":"Canoeing"}]},{"@type":"WebSite","@id":"https:\/\/marinaparquedasnacoes.pt\/#website","url":"https:\/\/marinaparquedasnacoes.pt\/","name":"Marina Parque das Na\u00e7\u00f5es","description":"Lisboa - Portugal","publisher":{"@id":"https:\/\/marinaparquedasnacoes.pt\/#organization"},"potentialAction":[{"@type":"SearchAction","target":{"@type":"EntryPoint","urlTemplate":"https:\/\/marinaparquedasnacoes.pt\/?s={search_term_string}"},"query-input":{"@type":"PropertyValueSpecification","valueRequired":true,"valueName":"search_term_string"}}],"inLanguage":"en-US"},{"@type":"Organization","@id":"https:\/\/marinaparquedasnacoes.pt\/#organization","name":"Marina Parque das Na\u00e7\u00f5es","url":"https:\/\/marinaparquedasnacoes.pt\/","logo":{"@type":"ImageObject","inLanguage":"en-US","@id":"https:\/\/marinaparquedasnacoes.pt\/#\/schema\/logo\/image\/","url":"https:\/\/marinaparquedasnacoes.pt\/wp-content\/uploads\/2021\/08\/Marina-Fundo-Amarelo-e1629364242795.jpg","contentUrl":"https:\/\/marinaparquedasnacoes.pt\/wp-content\/uploads\/2021\/08\/Marina-Fundo-Amarelo-e1629364242795.jpg","width":500,"height":500,"caption":"Marina Parque das Na\u00e7\u00f5es"},"image":{"@id":"https:\/\/marinaparquedasnacoes.pt\/#\/schema\/logo\/image\/"}}]}},"_links":{"self":[{"href":"https:\/\/marinaparquedasnacoes.pt\/en\/wp-json\/wp\/v2\/pages\/4255","targetHints":{"allow":["GET"]}}],"collection":[{"href":"https:\/\/marinaparquedasnacoes.pt\/en\/wp-json\/wp\/v2\/pages"}],"about":[{"href":"https:\/\/marinaparquedasnacoes.pt\/en\/wp-json\/wp\/v2\/types\/page"}],"author":[{"embeddable":true,"href":"https:\/\/marinaparquedasnacoes.pt\/en\/wp-json\/wp\/v2\/users\/1"}],"replies":[{"embeddable":true,"href":"https:\/\/marinaparquedasnacoes.pt\/en\/wp-json\/wp\/v2\/comments?post=4255"}],"version-history":[{"count":0,"href":"https:\/\/marinaparquedasnacoes.pt\/en\/wp-json\/wp\/v2\/pages\/4255\/revisions"}],"up":[{"embeddable":true,"href":"https:\/\/marinaparquedasnacoes.pt\/en\/wp-json\/wp\/v2\/pages\/4237"}],"wp:featuredmedia":[{"embeddable":true,"href":"https:\/\/marinaparquedasnacoes.pt\/en\/wp-json\/wp\/v2\/media\/4256"}],"wp:attachment":[{"href":"https:\/\/marinaparquedasnacoes.pt\/en\/wp-json\/wp\/v2\/media?parent=4255"}],"curies":[{"name":"wp","href":"https:\/\/api.w.org\/{rel}","templated":true}]}}