{"id":4094,"date":"2021-04-11T23:02:09","date_gmt":"2021-04-11T22:02:09","guid":{"rendered":"https:\/\/mpn.streetdog.pt\/precos\/"},"modified":"2026-02-01T14:48:04","modified_gmt":"2026-02-01T14:48:04","slug":"prices","status":"publish","type":"page","link":"https:\/\/marinaparquedasnacoes.pt\/en\/the-marina\/prices\/","title":{"rendered":"Rates"},"content":{"rendered":"\t\t<div data-elementor-type=\"wp-page\" data-elementor-id=\"4094\" class=\"elementor elementor-4094 elementor-44\" data-elementor-post-type=\"page\">\n\t\t\t\t\t\t<section class=\"elementor-section elementor-top-section elementor-element elementor-element-32927649 elementor-section-boxed elementor-section-height-default elementor-section-height-default\" data-id=\"32927649\" data-element_type=\"section\">\n\t\t\t\t\t\t<div class=\"elementor-container elementor-column-gap-default\">\n\t\t\t\t\t<div class=\"elementor-column elementor-col-100 elementor-top-column elementor-element elementor-element-6d278739\" data-id=\"6d278739\" data-element_type=\"column\">\n\t\t\t<div class=\"elementor-widget-wrap elementor-element-populated\">\n\t\t\t\t\t\t<div class=\"elementor-element elementor-element-409d01ea elementor-widget elementor-widget-text-editor\" data-id=\"409d01ea\" data-element_type=\"widget\" data-widget_type=\"text-editor.default\">\n\t\t\t\t<div class=\"elementor-widget-container\">\n\t\t\t\t\t\t\t\t\t<h3>Mooring rates<\/h3><p><div id=\"tablepress-2-scroll-wrapper\" class=\"tablepress-scroll-wrapper\">\n\n<table id=\"tablepress-2\" class=\"tablepress tablepress-id-2 centered full-width tablepress-responsive tbody-has-connected-cells\">\n<thead>\n<tr class=\"row-1\">\n\t<th colspan=\"3\" class=\"column-1\">Embarca\u00e7\u00e3o<\/th><th colspan=\"2\" class=\"column-4\">Dia<\/th><th class=\"column-6\">M\u00eas<\/th>\n<\/tr>\n<\/thead>\n<tbody class=\"row-striping row-hover\">\n<tr class=\"row-2\">\n\t<td class=\"column-1\">Classe<\/td><td class=\"column-2\">Comprimento<\/td><td class=\"column-3\">Boca<\/td><td class=\"column-4\">EB<br \/>\n1 Out \u2013 1 Mar<\/td><td class=\"column-5\">EA<br \/>\n1 Mar \u2013 30 Set<\/td><td class=\"column-6\">30 dias<\/td>\n<\/tr>\n<tr class=\"row-3\">\n\t<td class=\"column-1\">I<\/td><td class=\"column-2\">At\u00e9 6m<\/td><td class=\"column-3\">2,30m<\/td><td class=\"column-4\">14\u20ac<\/td><td class=\"column-5\">16\u20ac<\/td><td class=\"column-6\">134\u20ac<\/td>\n<\/tr>\n<tr class=\"row-4\">\n\t<td class=\"column-1\">II<\/td><td class=\"column-2\">6,01 a 8m<\/td><td class=\"column-3\">2,70m<\/td><td class=\"column-4\">17\u20ac<\/td><td class=\"column-5\">19\u20ac<\/td><td class=\"column-6\">153\u20ac<\/td>\n<\/tr>\n<tr class=\"row-5\">\n\t<td class=\"column-1\">IIA<\/td><td class=\"column-2\">6,01 a 8m<\/td><td class=\"column-3\">3,20m<\/td><td class=\"column-4\">20\u20ac<\/td><td class=\"column-5\">23\u20ac<\/td><td class=\"column-6\">220\u20ac<\/td>\n<\/tr>\n<tr class=\"row-6\">\n\t<td class=\"column-1\">III<\/td><td class=\"column-2\">8,01 a 10m<\/td><td class=\"column-3\">3,80m<\/td><td class=\"column-4\">28\u20ac<\/td><td class=\"column-5\">30\u20ac<\/td><td class=\"column-6\">358\u20ac<\/td>\n<\/tr>\n<tr class=\"row-7\">\n\t<td class=\"column-1\">IV<\/td><td class=\"column-2\">10,01 a 12m<\/td><td class=\"column-3\">4,40m<\/td><td class=\"column-4\">36\u20ac<\/td><td class=\"column-5\">38\u20ac<\/td><td class=\"column-6\">441\u20ac<\/td>\n<\/tr>\n<tr class=\"row-8\">\n\t<td class=\"column-1\">V<\/td><td class=\"column-2\">12,01 a 15m<\/td><td class=\"column-3\">5,00m<\/td><td class=\"column-4\">44\u20ac<\/td><td class=\"column-5\">50\u20ac<\/td><td class=\"column-6\">650\u20ac<\/td>\n<\/tr>\n<tr class=\"row-9\">\n\t<td class=\"column-1\">VI<\/td><td class=\"column-2\">15,01 a 20m<\/td><td class=\"column-3\">6,00m<\/td><td class=\"column-4\">59\u20ac<\/td><td class=\"column-5\">67\u20ac<\/td><td class=\"column-6\">959\u20ac<\/td>\n<\/tr>\n<tr class=\"row-10\">\n\t<td class=\"column-1\">VII<\/td><td class=\"column-2\">20,01 a 25m<\/td><td class=\"column-3\">6,50m<\/td><td class=\"column-4\">75\u20ac<\/td><td class=\"column-5\">86\u20ac<\/td><td class=\"column-6\">1.101\u20ac<\/td>\n<\/tr>\n<tr class=\"row-11\">\n\t<td colspan=\"3\" class=\"column-1\">Jetskis<\/td><td class=\"column-4\">13\u20ac<\/td><td class=\"column-5\">14\u20ac<\/td><td class=\"column-6\">124\u20ac<\/td>\n<\/tr>\n<\/tbody>\n<\/table>\n\n<\/div><!-- #tablepress-2 from cache --><\/p><p>Catamarans: Adds 50% to its class<\/p><p>VAT, water and electricity included<\/p><h3>Servi\u00e7os<\/h3><p><div id=\"tablepress-3-scroll-wrapper\" class=\"tablepress-scroll-wrapper\">\n\n<table id=\"tablepress-3\" class=\"tablepress tablepress-id-3 centered full-width tablepress-responsive\">\n<thead>\n<tr class=\"row-1\">\n\t<th class=\"column-1\">Classe<\/th><th class=\"column-2\">Comprimento<\/th><th class=\"column-3\">Grua<\/th><th class=\"column-4\">Rampa<\/th><th class=\"column-5\">Lavagem de Casco<\/th>\n<\/tr>\n<\/thead>\n<tbody class=\"row-striping row-hover\">\n<tr class=\"row-2\">\n\t<td class=\"column-1\">I<\/td><td class=\"column-2\">At\u00e9 6m<\/td><td class=\"column-3\">37\u20ac<\/td><td class=\"column-4\">15\u20ac<\/td><td class=\"column-5\">67\u20ac<\/td>\n<\/tr>\n<tr class=\"row-3\">\n\t<td class=\"column-1\">II<\/td><td class=\"column-2\">6,01 a 8m<\/td><td class=\"column-3\">47\u20ac<\/td><td class=\"column-4\">21\u20ac<\/td><td class=\"column-5\">77\u20ac<\/td>\n<\/tr>\n<tr class=\"row-4\">\n\t<td class=\"column-1\">III<\/td><td class=\"column-2\">8,01 a 10m<\/td><td class=\"column-3\">60\u20ac<\/td><td class=\"column-4\">24\u20ac<\/td><td class=\"column-5\">103\u20ac<\/td>\n<\/tr>\n<\/tbody>\n<\/table>\n\n<\/div><!-- #tablepress-3 from cache --><\/p><p>Crane max weight: 3 Tons | Crane max height: 2.70m<\/p><p>Dry Mooring (day): 0.66\u20ac\/m2 | Dry Mooring (month): 8,40\u20ac\/m2<\/p><p>Short Stay (6h): 50% off the daily rate EA<\/p><p><a href=\"https:\/\/marinaparquedasnacoes.pt\/wp-content\/uploads\/2026\/02\/Tabela-de-Precos-2026.pdf\" target=\"_blank\" rel=\"noopener\">Marina Rates 2026<\/a><\/p>\t\t\t\t\t\t\t\t<\/div>\n\t\t\t\t<\/div>\n\t\t\t\t\t<\/div>\n\t\t<\/div>\n\t\t\t\t\t<\/div>\n\t\t<\/section>\n\t\t\t\t<\/div>\n\t\t","protected":false},"excerpt":{"rendered":"<p>Mooring rates Catamarans: Adds 50% to its class VAT, water and electricity included Servi\u00e7os Crane max weight: 3 Tons | Crane max height: 2.70m Dry Mooring (day): 0.66\u20ac\/m2 | Dry Mooring (month): 8,40\u20ac\/m2 Short Stay (6h): 50% off the daily rate EA Marina Rates 2026<\/p>\n","protected":false},"author":1,"featured_media":0,"parent":5156,"menu_order":31,"comment_status":"closed","ping_status":"closed","template":"","meta":{"_acf_changed":false,"footnotes":""},"class_list":["post-4094","page","type-page","status-publish","hentry"],"acf":[],"yoast_head":"<!-- This site is optimized with the Yoast SEO plugin v24.8.1 - https:\/\/yoast.com\/wordpress\/plugins\/seo\/ -->\n<title>Rates - Marina Parque das Na\u00e7\u00f5es<\/title>\n<meta name=\"robots\" content=\"index, follow, max-snippet:-1, max-image-preview:large, max-video-preview:-1\" \/>\n<link rel=\"canonical\" href=\"https:\/\/marinaparquedasnacoes.pt\/a-marina\/precos\/\" \/>\n<meta property=\"og:locale\" content=\"en_US\" \/>\n<meta property=\"og:type\" content=\"article\" \/>\n<meta property=\"og:title\" content=\"Rates - Marina Parque das Na\u00e7\u00f5es\" \/>\n<meta property=\"og:description\" content=\"Mooring rates Catamarans: Adds 50% to its class VAT, water and electricity included Servi\u00e7os Crane max weight: 3 Tons | Crane max height: 2.70m Dry Mooring (day): 0.66\u20ac\/m2 | Dry Mooring (month): 8,40\u20ac\/m2 Short Stay (6h): 50% off the daily rate EA Marina Rates 2026\" \/>\n<meta property=\"og:url\" content=\"https:\/\/marinaparquedasnacoes.pt\/a-marina\/precos\/\" \/>\n<meta property=\"og:site_name\" content=\"Marina Parque das Na\u00e7\u00f5es\" \/>\n<meta property=\"article:modified_time\" content=\"2026-02-01T14:48:04+00:00\" \/>\n<meta name=\"twitter:card\" content=\"summary_large_image\" \/>\n<meta name=\"twitter:label1\" content=\"Est. reading time\" \/>\n\t<meta name=\"twitter:data1\" content=\"1 minute\" \/>\n<script type=\"application\/ld+json\" class=\"yoast-schema-graph\">{\"@context\":\"https:\/\/schema.org\",\"@graph\":[{\"@type\":\"WebPage\",\"@id\":\"https:\/\/marinaparquedasnacoes.pt\/a-marina\/precos\/\",\"url\":\"https:\/\/marinaparquedasnacoes.pt\/a-marina\/precos\/\",\"name\":\"Rates - Marina Parque das Na\u00e7\u00f5es\",\"isPartOf\":{\"@id\":\"https:\/\/marinaparquedasnacoes.pt\/#website\"},\"datePublished\":\"2021-04-11T22:02:09+00:00\",\"dateModified\":\"2026-02-01T14:48:04+00:00\",\"breadcrumb\":{\"@id\":\"https:\/\/marinaparquedasnacoes.pt\/a-marina\/precos\/#breadcrumb\"},\"inLanguage\":\"en-US\",\"potentialAction\":[{\"@type\":\"ReadAction\",\"target\":[\"https:\/\/marinaparquedasnacoes.pt\/a-marina\/precos\/\"]}]},{\"@type\":\"BreadcrumbList\",\"@id\":\"https:\/\/marinaparquedasnacoes.pt\/a-marina\/precos\/#breadcrumb\",\"itemListElement\":[{\"@type\":\"ListItem\",\"position\":1,\"name\":\"In\u00edcio\",\"item\":\"https:\/\/marinaparquedasnacoes.pt\/en\/\"},{\"@type\":\"ListItem\",\"position\":2,\"name\":\"The Marina\",\"item\":\"https:\/\/marinaparquedasnacoes.pt\/en\/the-marina\/\"},{\"@type\":\"ListItem\",\"position\":3,\"name\":\"Rates\"}]},{\"@type\":\"WebSite\",\"@id\":\"https:\/\/marinaparquedasnacoes.pt\/#website\",\"url\":\"https:\/\/marinaparquedasnacoes.pt\/\",\"name\":\"Marina Parque das Na\u00e7\u00f5es\",\"description\":\"Lisboa - Portugal\",\"publisher\":{\"@id\":\"https:\/\/marinaparquedasnacoes.pt\/#organization\"},\"potentialAction\":[{\"@type\":\"SearchAction\",\"target\":{\"@type\":\"EntryPoint\",\"urlTemplate\":\"https:\/\/marinaparquedasnacoes.pt\/?s={search_term_string}\"},\"query-input\":{\"@type\":\"PropertyValueSpecification\",\"valueRequired\":true,\"valueName\":\"search_term_string\"}}],\"inLanguage\":\"en-US\"},{\"@type\":\"Organization\",\"@id\":\"https:\/\/marinaparquedasnacoes.pt\/#organization\",\"name\":\"Marina Parque das Na\u00e7\u00f5es\",\"url\":\"https:\/\/marinaparquedasnacoes.pt\/\",\"logo\":{\"@type\":\"ImageObject\",\"inLanguage\":\"en-US\",\"@id\":\"https:\/\/marinaparquedasnacoes.pt\/#\/schema\/logo\/image\/\",\"url\":\"https:\/\/marinaparquedasnacoes.pt\/wp-content\/uploads\/2021\/08\/Marina-Fundo-Amarelo-e1629364242795.jpg\",\"contentUrl\":\"https:\/\/marinaparquedasnacoes.pt\/wp-content\/uploads\/2021\/08\/Marina-Fundo-Amarelo-e1629364242795.jpg\",\"width\":500,\"height\":500,\"caption\":\"Marina Parque das Na\u00e7\u00f5es\"},\"image\":{\"@id\":\"https:\/\/marinaparquedasnacoes.pt\/#\/schema\/logo\/image\/\"}}]}<\/script>\n<!-- \/ Yoast SEO plugin. -->","yoast_head_json":{"title":"Rates - Marina Parque das Na\u00e7\u00f5es","robots":{"index":"index","follow":"follow","max-snippet":"max-snippet:-1","max-image-preview":"max-image-preview:large","max-video-preview":"max-video-preview:-1"},"canonical":"https:\/\/marinaparquedasnacoes.pt\/a-marina\/precos\/","og_locale":"en_US","og_type":"article","og_title":"Rates - Marina Parque das Na\u00e7\u00f5es","og_description":"Mooring rates Catamarans: Adds 50% to its class VAT, water and electricity included Servi\u00e7os Crane max weight: 3 Tons | Crane max height: 2.70m Dry Mooring (day): 0.66\u20ac\/m2 | Dry Mooring (month): 8,40\u20ac\/m2 Short Stay (6h): 50% off the daily rate EA Marina Rates 2026","og_url":"https:\/\/marinaparquedasnacoes.pt\/a-marina\/precos\/","og_site_name":"Marina Parque das Na\u00e7\u00f5es","article_modified_time":"2026-02-01T14:48:04+00:00","twitter_card":"summary_large_image","twitter_misc":{"Est. reading time":"1 minute"},"schema":{"@context":"https:\/\/schema.org","@graph":[{"@type":"WebPage","@id":"https:\/\/marinaparquedasnacoes.pt\/a-marina\/precos\/","url":"https:\/\/marinaparquedasnacoes.pt\/a-marina\/precos\/","name":"Rates - Marina Parque das Na\u00e7\u00f5es","isPartOf":{"@id":"https:\/\/marinaparquedasnacoes.pt\/#website"},"datePublished":"2021-04-11T22:02:09+00:00","dateModified":"2026-02-01T14:48:04+00:00","breadcrumb":{"@id":"https:\/\/marinaparquedasnacoes.pt\/a-marina\/precos\/#breadcrumb"},"inLanguage":"en-US","potentialAction":[{"@type":"ReadAction","target":["https:\/\/marinaparquedasnacoes.pt\/a-marina\/precos\/"]}]},{"@type":"BreadcrumbList","@id":"https:\/\/marinaparquedasnacoes.pt\/a-marina\/precos\/#breadcrumb","itemListElement":[{"@type":"ListItem","position":1,"name":"In\u00edcio","item":"https:\/\/marinaparquedasnacoes.pt\/en\/"},{"@type":"ListItem","position":2,"name":"The Marina","item":"https:\/\/marinaparquedasnacoes.pt\/en\/the-marina\/"},{"@type":"ListItem","position":3,"name":"Rates"}]},{"@type":"WebSite","@id":"https:\/\/marinaparquedasnacoes.pt\/#website","url":"https:\/\/marinaparquedasnacoes.pt\/","name":"Marina Parque das Na\u00e7\u00f5es","description":"Lisboa - Portugal","publisher":{"@id":"https:\/\/marinaparquedasnacoes.pt\/#organization"},"potentialAction":[{"@type":"SearchAction","target":{"@type":"EntryPoint","urlTemplate":"https:\/\/marinaparquedasnacoes.pt\/?s={search_term_string}"},"query-input":{"@type":"PropertyValueSpecification","valueRequired":true,"valueName":"search_term_string"}}],"inLanguage":"en-US"},{"@type":"Organization","@id":"https:\/\/marinaparquedasnacoes.pt\/#organization","name":"Marina Parque das Na\u00e7\u00f5es","url":"https:\/\/marinaparquedasnacoes.pt\/","logo":{"@type":"ImageObject","inLanguage":"en-US","@id":"https:\/\/marinaparquedasnacoes.pt\/#\/schema\/logo\/image\/","url":"https:\/\/marinaparquedasnacoes.pt\/wp-content\/uploads\/2021\/08\/Marina-Fundo-Amarelo-e1629364242795.jpg","contentUrl":"https:\/\/marinaparquedasnacoes.pt\/wp-content\/uploads\/2021\/08\/Marina-Fundo-Amarelo-e1629364242795.jpg","width":500,"height":500,"caption":"Marina Parque das Na\u00e7\u00f5es"},"image":{"@id":"https:\/\/marinaparquedasnacoes.pt\/#\/schema\/logo\/image\/"}}]}},"_links":{"self":[{"href":"https:\/\/marinaparquedasnacoes.pt\/en\/wp-json\/wp\/v2\/pages\/4094","targetHints":{"allow":["GET"]}}],"collection":[{"href":"https:\/\/marinaparquedasnacoes.pt\/en\/wp-json\/wp\/v2\/pages"}],"about":[{"href":"https:\/\/marinaparquedasnacoes.pt\/en\/wp-json\/wp\/v2\/types\/page"}],"author":[{"embeddable":true,"href":"https:\/\/marinaparquedasnacoes.pt\/en\/wp-json\/wp\/v2\/users\/1"}],"replies":[{"embeddable":true,"href":"https:\/\/marinaparquedasnacoes.pt\/en\/wp-json\/wp\/v2\/comments?post=4094"}],"version-history":[{"count":15,"href":"https:\/\/marinaparquedasnacoes.pt\/en\/wp-json\/wp\/v2\/pages\/4094\/revisions"}],"predecessor-version":[{"id":14400,"href":"https:\/\/marinaparquedasnacoes.pt\/en\/wp-json\/wp\/v2\/pages\/4094\/revisions\/14400"}],"up":[{"embeddable":true,"href":"https:\/\/marinaparquedasnacoes.pt\/en\/wp-json\/wp\/v2\/pages\/5156"}],"wp:attachment":[{"href":"https:\/\/marinaparquedasnacoes.pt\/en\/wp-json\/wp\/v2\/media?parent=4094"}],"curies":[{"name":"wp","href":"https:\/\/api.w.org\/{rel}","templated":true}]}}